{"id":24377,"date":"2026-01-13T15:34:39","date_gmt":"2026-01-13T14:34:39","guid":{"rendered":"https:\/\/deg.friedbrains.it\/impianti\/"},"modified":"2026-03-26T11:25:11","modified_gmt":"2026-03-26T10:25:11","slug":"anlagen","status":"publish","type":"page","link":"https:\/\/deg.friedbrains.it\/de\/anlagen\/","title":{"rendered":"Anlagen"},"content":{"rendered":"\t\t<div data-elementor-type=\"wp-page\" data-elementor-id=\"24377\" class=\"elementor elementor-24377 elementor-23219\">\n\t\t\t\t\t\t<section class=\"elementor-section elementor-top-section elementor-element elementor-element-d7b8b48 elementor-section-boxed elementor-section-height-default elementor-section-height-default\" data-id=\"d7b8b48\" data-element_type=\"section\" data-e-type=\"section\">\n\t\t\t\t\t\t<div class=\"elementor-container elementor-column-gap-default\">\n\t\t\t\t\t<div class=\"elementor-column elementor-col-100 elementor-top-column elementor-element elementor-element-8a756aa\" data-id=\"8a756aa\" data-element_type=\"column\" data-e-type=\"column\">\n\t\t\t<div class=\"elementor-widget-wrap elementor-element-populated\">\n\t\t\t\t\t\t<div class=\"elementor-element elementor-element-95e187f elementor-widget elementor-widget-heading\" data-id=\"95e187f\" data-element_type=\"widget\" data-e-type=\"widget\" data-widget_type=\"heading.default\">\n\t\t\t\t<div class=\"elementor-widget-container\">\n\t\t\t\t\t<h2 class=\"elementor-heading-title elementor-size-default\">Unsere Anlagen sind darauf ausgelegt, Effizienz, Sicherheit und Betriebskontinuit\u00e4t zu gew\u00e4hrleisten. Von der industriellen Anlagentechnik f\u00fcr die Lebensmittelbranche wird jedes Projekt in allen Phasen \u2013 von der Planung bis zur Inbetriebnahme \u2013 pr\u00e4zise ausgef\u00fchrt, mit ma\u00dfgeschneiderten L\u00f6sungen, die sich perfekt in die Produktionsprozesse integrieren lassen.\n<\/h2>\t\t\t\t<\/div>\n\t\t\t\t<\/div>\n\t\t\t\t<div class=\"elementor-element elementor-element-3684305 listing-pagination-border-style-gradient listing-pagination-background-style-solid elementor-widget elementor-widget-neuros_projects_listing\" data-id=\"3684305\" data-element_type=\"widget\" data-e-type=\"widget\" data-widget_type=\"neuros_projects_listing.default\">\n\t\t\t\t<div class=\"elementor-widget-container\">\n\t\t\t\t\t\n        <div class=\"neuros-projects-listing-widget isotope\">\n\n            \n            \n            \n            <div class=\"archive-listing\" data-ajax='{&quot;post_type&quot;:&quot;neuros_project&quot;,&quot;ignore_sticky_posts&quot;:true,&quot;suppress_filters&quot;:false,&quot;orderby&quot;:&quot;date&quot;,&quot;order&quot;:&quot;desc&quot;,&quot;link_base&quot;:&quot;https:\\\/\\\/deg.friedbrains.it\\\/de\\\/wp-json\\\/wp\\\/v2\\\/pages\\\/24377\\\/&quot;,&quot;neuros_project_category&quot;:[&quot;impianti&quot;],&quot;posts_per_page&quot;:8,&quot;paged&quot;:1}' data-widget='{&quot;item_class&quot;:&quot;project-item-wrapper isotope-item&quot;,&quot;columns_number&quot;:2,&quot;listing_type&quot;:&quot;masonry&quot;,&quot;text_position&quot;:&quot;inside&quot;,&quot;show_pagination&quot;:&quot;yes&quot;}'>\n                <div class=\"archive-listing-wrapper project-listing-wrapper text-position-inside isotope-trigger project-masonry-listing columns-2\">\n                    \n<div class=\"project-item-wrapper isotope-item post-24827 neuros_project type-neuros_project status-publish has-post-thumbnail hentry neuros_project_category-impianti\">\n    <div class=\"project-item\">\n    \t    \t\t\t<a href=\"https:\/\/deg.friedbrains.it\/de\/produkte\/photovoltaikanlagen\/\" class=\"project-item-link\">\n\t\t            <span class=\"project-item-media\"><img decoding=\"async\" alt=\"Hands, engineer and solar panel in construction for renewable en\" srcset=\"https:\/\/deg.friedbrains.it\/wp-content\/uploads\/2026\/01\/hands-engineer-solar-panel-construction-renewable-energy-electricity-technology-hand-electrician-technician-feeling-heated-plates-quality-sun-testing-power-building-640x640.jpg 575w, https:\/\/deg.friedbrains.it\/wp-content\/uploads\/2026\/01\/hands-engineer-solar-panel-construction-renewable-energy-electricity-technology-hand-electrician-technician-feeling-heated-plates-quality-sun-testing-power-building-500x500.jpg 991w, https:\/\/deg.friedbrains.it\/wp-content\/uploads\/2026\/01\/hands-engineer-solar-panel-construction-renewable-energy-electricity-technology-hand-electrician-technician-feeling-heated-plates-quality-sun-testing-power-building-960x960.jpg 1340w\" sizes=\"(max-width: 575px) 575px, (max-width: 991px) 991px\" src=\"https:\/\/deg.friedbrains.it\/wp-content\/uploads\/2026\/01\/hands-engineer-solar-panel-construction-renewable-energy-electricity-technology-hand-electrician-technician-feeling-heated-plates-quality-sun-testing-power-building-960x960.jpg\" class=\"attachment-neuros_portfolio_masonry_2_columns size-neuros_portfolio_masonry_2_columns wp-post-image\" \/><\/span><span class=\"project-item-content-wrapper\"><span class=\"project-item-content\"><span class=\"post-title\">Photovoltaikanlagen<\/span><\/span><\/span>\t\t        <\/a>\n\t\t            \t\t        \n    <\/div>\n<\/div>\n<div class=\"project-item-wrapper isotope-item post-24666 neuros_project type-neuros_project status-publish has-post-thumbnail hentry neuros_project_category-impianti\">\n    <div class=\"project-item\">\n    \t    \t\t\t<a href=\"https:\/\/deg.friedbrains.it\/de\/produkte\/industrieanlagen\/\" class=\"project-item-link\">\n\t\t            <span class=\"project-item-media\"><img decoding=\"async\" alt=\"IMG_20211105_120629 web\" srcset=\"https:\/\/deg.friedbrains.it\/wp-content\/uploads\/2026\/01\/IMG_20211105_120629-web-640x640.jpg 575w, https:\/\/deg.friedbrains.it\/wp-content\/uploads\/2026\/01\/IMG_20211105_120629-web-500x500.jpg 991w, https:\/\/deg.friedbrains.it\/wp-content\/uploads\/2026\/01\/IMG_20211105_120629-web-800x960.jpg 1340w\" sizes=\"(max-width: 575px) 575px, (max-width: 991px) 991px\" src=\"https:\/\/deg.friedbrains.it\/wp-content\/uploads\/2026\/01\/IMG_20211105_120629-web-800x960.jpg\" class=\"attachment-neuros_portfolio_masonry_2_columns size-neuros_portfolio_masonry_2_columns wp-post-image\" \/><\/span><span class=\"project-item-content-wrapper\"><span class=\"project-item-content\"><span class=\"post-title\">Industrieanlagen<\/span><\/span><\/span>\t\t        <\/a>\n\t\t            \t\t        \n    <\/div>\n<\/div>\n<div class=\"project-item-wrapper isotope-item post-24797 neuros_project type-neuros_project status-publish has-post-thumbnail hentry neuros_project_category-impianti\">\n    <div class=\"project-item\">\n    \t    \t\t\t<a href=\"https:\/\/deg.friedbrains.it\/de\/produkte\/lebensmittelanlagen\/\" class=\"project-item-link\">\n\t\t            <span class=\"project-item-media\"><img decoding=\"async\" alt=\"DSCF0907\" srcset=\"https:\/\/deg.friedbrains.it\/wp-content\/uploads\/2026\/01\/DSCF0907-640x640.jpg 575w, https:\/\/deg.friedbrains.it\/wp-content\/uploads\/2026\/01\/DSCF0907-500x500.jpg 991w, https:\/\/deg.friedbrains.it\/wp-content\/uploads\/2026\/01\/DSCF0907-960x960.jpg 1340w\" sizes=\"(max-width: 575px) 575px, (max-width: 991px) 991px\" src=\"https:\/\/deg.friedbrains.it\/wp-content\/uploads\/2026\/01\/DSCF0907-960x960.jpg\" class=\"attachment-neuros_portfolio_masonry_2_columns size-neuros_portfolio_masonry_2_columns wp-post-image\" \/><\/span><span class=\"project-item-content-wrapper\"><span class=\"project-item-content\"><span class=\"post-title\">Lebensmittelanlagen<\/span><\/span><\/span>\t\t        <\/a>\n\t\t            \t\t        \n    <\/div>\n<\/div>\n<div class=\"project-item-wrapper isotope-item post-24719 neuros_project type-neuros_project status-publish has-post-thumbnail hentry neuros_project_category-impianti\">\n    <div class=\"project-item\">\n    \t    \t\t\t<a href=\"https:\/\/deg.friedbrains.it\/de\/produkte\/maschinenintegrierte-anlagen\/\" class=\"project-item-link\">\n\t\t            <span class=\"project-item-media\"><img decoding=\"async\" alt=\"IMG_20151102_141438-home\" srcset=\"https:\/\/deg.friedbrains.it\/wp-content\/uploads\/2026\/01\/IMG_20151102_141438-home-640x640.jpg 575w, https:\/\/deg.friedbrains.it\/wp-content\/uploads\/2026\/01\/IMG_20151102_141438-home-500x500.jpg 991w, https:\/\/deg.friedbrains.it\/wp-content\/uploads\/2026\/01\/IMG_20151102_141438-home-960x844.jpg 1340w\" sizes=\"(max-width: 575px) 575px, (max-width: 991px) 991px\" src=\"https:\/\/deg.friedbrains.it\/wp-content\/uploads\/2026\/01\/IMG_20151102_141438-home-960x844.jpg\" class=\"attachment-neuros_portfolio_masonry_2_columns size-neuros_portfolio_masonry_2_columns wp-post-image\" \/><\/span><span class=\"project-item-content-wrapper\"><span class=\"project-item-content\"><span class=\"post-title\">Maschinenintegrierte anlagen<\/span><\/span><\/span>\t\t        <\/a>\n\t\t            \t\t        \n    <\/div>\n<\/div><div class=\"grid-sizer\"><\/div>                <\/div>\n\n                            <\/div>\n\n            \n        <\/div>\n        \t\t\t\t<\/div>\n\t\t\t\t<\/div>\n\t\t\t\t\t<\/div>\n\t\t<\/div>\n\t\t\t\t\t<\/div>\n\t\t<\/section>\n\t\t\t\t<section class=\"elementor-section elementor-top-section elementor-element elementor-element-27c9d02 elementor-section-full_width elementor-section-stretched elementor-section-height-default elementor-section-height-default\" data-id=\"27c9d02\" data-element_type=\"section\" data-e-type=\"section\" data-settings=\"{&quot;stretch_section&quot;:&quot;section-stretched&quot;}\">\n\t\t\t\t\t\t<div class=\"elementor-container elementor-column-gap-no\">\n\t\t\t\t\t<div class=\"elementor-column elementor-col-100 elementor-top-column elementor-element elementor-element-7d67397\" data-id=\"7d67397\" data-element_type=\"column\" data-e-type=\"column\">\n\t\t\t<div class=\"elementor-widget-wrap elementor-element-populated\">\n\t\t\t\t\t\t<section class=\"elementor-section elementor-inner-section elementor-element elementor-element-1064949 elementor-section-boxed elementor-section-height-default elementor-section-height-default\" data-id=\"1064949\" data-element_type=\"section\" data-e-type=\"section\" data-settings=\"{&quot;background_background&quot;:&quot;classic&quot;}\">\n\t\t\t\t\t\t<div class=\"elementor-container elementor-column-gap-default\">\n\t\t\t\t\t<div class=\"elementor-column elementor-col-50 elementor-inner-column elementor-element elementor-element-4736d45\" data-id=\"4736d45\" data-element_type=\"column\" data-e-type=\"column\">\n\t\t\t<div class=\"elementor-widget-wrap elementor-element-populated\">\n\t\t\t\t\t\t<div class=\"elementor-element elementor-element-5192300 elementor-invisible elementor-widget elementor-widget-neuros_heading\" data-id=\"5192300\" data-element_type=\"widget\" data-e-type=\"widget\" data-settings=\"{&quot;_animation&quot;:&quot;neuros_heading_animation&quot;,&quot;_animation_delay&quot;:300}\" data-widget_type=\"neuros_heading.default\">\n\t\t\t\t<div class=\"elementor-widget-container\">\n\t\t\t\t\t<div class=\"neuros-heading-widget\"><h2 class=\"neuros-heading\"><span class=\"neuros-heading-content has_gradient_color_text\">Kontakt<\/span><\/h2><\/div>\t\t\t\t<\/div>\n\t\t\t\t<\/div>\n\t\t\t\t\t<\/div>\n\t\t<\/div>\n\t\t\t\t<div class=\"elementor-column elementor-col-50 elementor-inner-column elementor-element elementor-element-42707aa\" data-id=\"42707aa\" data-element_type=\"column\" data-e-type=\"column\">\n\t\t\t<div class=\"elementor-widget-wrap elementor-element-populated\">\n\t\t\t\t\t\t<div class=\"elementor-element elementor-element-c85d93b neuros-button-type-simple neuros-button-border-style-solid neuros-button-bakground-style-solid elementor-widget elementor-widget-neuros_button\" data-id=\"c85d93b\" data-element_type=\"widget\" data-e-type=\"widget\" data-widget_type=\"neuros_button.default\">\n\t\t\t\t<div class=\"elementor-widget-container\">\n\t\t\t\t\t\n        <div class=\"button-widget\">\n            <div class=\"button-container\">\n                                <a class=\"neuros-button\" href=\"https:\/\/deg.friedbrains.it\/de\/kontakt\/\" href=\"https:\/\/deg.friedbrains.it\/de\/kontakt\/\">MEHR ERFAHREN                        <span class=\"icon-button-arrow left\"><\/span><span class=\"icon-button-arrow right\"><\/span>                    \n                    <span class=\"button-inner\"><\/span>\n                <\/a>\n                            <\/div>\n        <\/div>\n        \t\t\t\t<\/div>\n\t\t\t\t<\/div>\n\t\t\t\t\t<\/div>\n\t\t<\/div>\n\t\t\t\t\t<\/div>\n\t\t<\/section>\n\t\t\t\t\t<\/div>\n\t\t<\/div>\n\t\t\t\t\t<\/div>\n\t\t<\/section>\n\t\t\t\t<\/div>\n\t\t","protected":false},"excerpt":{"rendered":"<p>Unsere Anlagen sind darauf ausgelegt, Effizienz, Sicherheit und Betriebskontinuit\u00e4t zu gew\u00e4hrleisten. Von der industriellen Anlagentechnik f\u00fcr die Lebensmittelbranche wird jedes Projekt in allen Phasen \u2013 von der Planung bis zur Inbetriebnahme \u2013 pr\u00e4zise ausgef\u00fchrt, mit ma\u00dfgeschneiderten L\u00f6sungen, die sich perfekt in&#8230;<\/p>\n","protected":false},"author":2,"featured_media":0,"parent":0,"menu_order":0,"comment_status":"closed","ping_status":"closed","template":"","meta":{"_acf_changed":false,"inline_featured_image":false,"footnotes":""},"class_list":["post-24377","page","type-page","status-publish","hentry"],"acf":[],"yoast_head":"<!-- This site is optimized with the Yoast SEO plugin v27.2 - https:\/\/yoast.com\/product\/yoast-seo-wordpress\/ -->\n<title>Anlagen - DeG Group<\/title>\n<meta name=\"robots\" content=\"noindex, follow, max-snippet:-1, max-image-preview:large, max-video-preview:-1\" \/>\n<meta property=\"og:locale\" content=\"de_DE\" \/>\n<meta property=\"og:type\" content=\"article\" \/>\n<meta property=\"og:title\" content=\"Anlagen - DeG Group\" \/>\n<meta property=\"og:description\" content=\"Unsere Anlagen sind darauf ausgelegt, Effizienz, Sicherheit und Betriebskontinuit\u00e4t zu gew\u00e4hrleisten. Von der industriellen Anlagentechnik f\u00fcr die Lebensmittelbranche wird jedes Projekt in allen Phasen \u2013 von der Planung bis zur Inbetriebnahme \u2013 pr\u00e4zise ausgef\u00fchrt, mit ma\u00dfgeschneiderten L\u00f6sungen, die sich perfekt in...\" \/>\n<meta property=\"og:url\" content=\"https:\/\/deg.friedbrains.it\/de\/anlagen\/\" \/>\n<meta property=\"og:site_name\" content=\"DeG Group\" \/>\n<meta property=\"article:modified_time\" content=\"2026-03-26T10:25:11+00:00\" \/>\n<meta name=\"twitter:card\" content=\"summary_large_image\" \/>\n<meta name=\"twitter:label1\" content=\"Gesch\u00e4tzte Lesezeit\" \/>\n\t<meta name=\"twitter:data1\" content=\"2\u00a0Minuten\" \/>\n<script type=\"application\/ld+json\" class=\"yoast-schema-graph\">{\"@context\":\"https:\/\/schema.org\",\"@graph\":[{\"@type\":\"WebPage\",\"@id\":\"https:\/\/deg.friedbrains.it\/de\/anlagen\/\",\"url\":\"https:\/\/deg.friedbrains.it\/de\/anlagen\/\",\"name\":\"Anlagen - DeG Group\",\"isPartOf\":{\"@id\":\"https:\/\/deg.friedbrains.it\/de\/#website\"},\"datePublished\":\"2026-01-13T14:34:39+00:00\",\"dateModified\":\"2026-03-26T10:25:11+00:00\",\"breadcrumb\":{\"@id\":\"https:\/\/deg.friedbrains.it\/de\/anlagen\/#breadcrumb\"},\"inLanguage\":\"de\",\"potentialAction\":[{\"@type\":\"ReadAction\",\"target\":[\"https:\/\/deg.friedbrains.it\/de\/anlagen\/\"]}]},{\"@type\":\"BreadcrumbList\",\"@id\":\"https:\/\/deg.friedbrains.it\/de\/anlagen\/#breadcrumb\",\"itemListElement\":[{\"@type\":\"ListItem\",\"position\":1,\"name\":\"Home\",\"item\":\"https:\/\/deg.friedbrains.it\/de\/\"},{\"@type\":\"ListItem\",\"position\":2,\"name\":\"Anlagen\"}]},{\"@type\":\"WebSite\",\"@id\":\"https:\/\/deg.friedbrains.it\/de\/#website\",\"url\":\"https:\/\/deg.friedbrains.it\/de\/\",\"name\":\"DeG GROUP S.r.l.\",\"description\":\"\",\"publisher\":{\"@id\":\"https:\/\/deg.friedbrains.it\/de\/#organization\"},\"potentialAction\":[{\"@type\":\"SearchAction\",\"target\":{\"@type\":\"EntryPoint\",\"urlTemplate\":\"https:\/\/deg.friedbrains.it\/de\/?s={search_term_string}\"},\"query-input\":{\"@type\":\"PropertyValueSpecification\",\"valueRequired\":true,\"valueName\":\"search_term_string\"}}],\"inLanguage\":\"de\"},{\"@type\":\"Organization\",\"@id\":\"https:\/\/deg.friedbrains.it\/de\/#organization\",\"name\":\"DeG GROUP S.r.l.\",\"url\":\"https:\/\/deg.friedbrains.it\/de\/\",\"logo\":{\"@type\":\"ImageObject\",\"inLanguage\":\"de\",\"@id\":\"https:\/\/deg.friedbrains.it\/de\/#\/schema\/logo\/image\/\",\"url\":\"https:\/\/deg.friedbrains.it\/wp-content\/uploads\/2025\/06\/deg-logo.svg\",\"contentUrl\":\"https:\/\/deg.friedbrains.it\/wp-content\/uploads\/2025\/06\/deg-logo.svg\",\"width\":1885,\"height\":712,\"caption\":\"DeG GROUP S.r.l.\"},\"image\":{\"@id\":\"https:\/\/deg.friedbrains.it\/de\/#\/schema\/logo\/image\/\"}}]}<\/script>\n<!-- \/ Yoast SEO plugin. -->","yoast_head_json":{"title":"Anlagen - DeG Group","robots":{"index":"noindex","follow":"follow","max-snippet":"max-snippet:-1","max-image-preview":"max-image-preview:large","max-video-preview":"max-video-preview:-1"},"og_locale":"de_DE","og_type":"article","og_title":"Anlagen - DeG Group","og_description":"Unsere Anlagen sind darauf ausgelegt, Effizienz, Sicherheit und Betriebskontinuit\u00e4t zu gew\u00e4hrleisten. Von der industriellen Anlagentechnik f\u00fcr die Lebensmittelbranche wird jedes Projekt in allen Phasen \u2013 von der Planung bis zur Inbetriebnahme \u2013 pr\u00e4zise ausgef\u00fchrt, mit ma\u00dfgeschneiderten L\u00f6sungen, die sich perfekt in...","og_url":"https:\/\/deg.friedbrains.it\/de\/anlagen\/","og_site_name":"DeG Group","article_modified_time":"2026-03-26T10:25:11+00:00","twitter_card":"summary_large_image","twitter_misc":{"Gesch\u00e4tzte Lesezeit":"2\u00a0Minuten"},"schema":{"@context":"https:\/\/schema.org","@graph":[{"@type":"WebPage","@id":"https:\/\/deg.friedbrains.it\/de\/anlagen\/","url":"https:\/\/deg.friedbrains.it\/de\/anlagen\/","name":"Anlagen - DeG Group","isPartOf":{"@id":"https:\/\/deg.friedbrains.it\/de\/#website"},"datePublished":"2026-01-13T14:34:39+00:00","dateModified":"2026-03-26T10:25:11+00:00","breadcrumb":{"@id":"https:\/\/deg.friedbrains.it\/de\/anlagen\/#breadcrumb"},"inLanguage":"de","potentialAction":[{"@type":"ReadAction","target":["https:\/\/deg.friedbrains.it\/de\/anlagen\/"]}]},{"@type":"BreadcrumbList","@id":"https:\/\/deg.friedbrains.it\/de\/anlagen\/#breadcrumb","itemListElement":[{"@type":"ListItem","position":1,"name":"Home","item":"https:\/\/deg.friedbrains.it\/de\/"},{"@type":"ListItem","position":2,"name":"Anlagen"}]},{"@type":"WebSite","@id":"https:\/\/deg.friedbrains.it\/de\/#website","url":"https:\/\/deg.friedbrains.it\/de\/","name":"DeG GROUP S.r.l.","description":"","publisher":{"@id":"https:\/\/deg.friedbrains.it\/de\/#organization"},"potentialAction":[{"@type":"SearchAction","target":{"@type":"EntryPoint","urlTemplate":"https:\/\/deg.friedbrains.it\/de\/?s={search_term_string}"},"query-input":{"@type":"PropertyValueSpecification","valueRequired":true,"valueName":"search_term_string"}}],"inLanguage":"de"},{"@type":"Organization","@id":"https:\/\/deg.friedbrains.it\/de\/#organization","name":"DeG GROUP S.r.l.","url":"https:\/\/deg.friedbrains.it\/de\/","logo":{"@type":"ImageObject","inLanguage":"de","@id":"https:\/\/deg.friedbrains.it\/de\/#\/schema\/logo\/image\/","url":"https:\/\/deg.friedbrains.it\/wp-content\/uploads\/2025\/06\/deg-logo.svg","contentUrl":"https:\/\/deg.friedbrains.it\/wp-content\/uploads\/2025\/06\/deg-logo.svg","width":1885,"height":712,"caption":"DeG GROUP S.r.l."},"image":{"@id":"https:\/\/deg.friedbrains.it\/de\/#\/schema\/logo\/image\/"}}]}},"_links":{"self":[{"href":"https:\/\/deg.friedbrains.it\/de\/wp-json\/wp\/v2\/pages\/24377","targetHints":{"allow":["GET"]}}],"collection":[{"href":"https:\/\/deg.friedbrains.it\/de\/wp-json\/wp\/v2\/pages"}],"about":[{"href":"https:\/\/deg.friedbrains.it\/de\/wp-json\/wp\/v2\/types\/page"}],"author":[{"embeddable":true,"href":"https:\/\/deg.friedbrains.it\/de\/wp-json\/wp\/v2\/users\/2"}],"replies":[{"embeddable":true,"href":"https:\/\/deg.friedbrains.it\/de\/wp-json\/wp\/v2\/comments?post=24377"}],"version-history":[{"count":14,"href":"https:\/\/deg.friedbrains.it\/de\/wp-json\/wp\/v2\/pages\/24377\/revisions"}],"predecessor-version":[{"id":25954,"href":"https:\/\/deg.friedbrains.it\/de\/wp-json\/wp\/v2\/pages\/24377\/revisions\/25954"}],"wp:attachment":[{"href":"https:\/\/deg.friedbrains.it\/de\/wp-json\/wp\/v2\/media?parent=24377"}],"curies":[{"name":"wp","href":"https:\/\/api.w.org\/{rel}","templated":true}]}}