{"id":24361,"date":"2026-01-15T15:24:07","date_gmt":"2026-01-15T14:24:07","guid":{"rendered":"https:\/\/deg.friedbrains.it\/siemens\/"},"modified":"2026-03-26T10:43:38","modified_gmt":"2026-03-26T09:43:38","slug":"siemens","status":"publish","type":"page","link":"https:\/\/deg.friedbrains.it\/de\/siemens\/","title":{"rendered":"Siemens"},"content":{"rendered":"\t\t<div data-elementor-type=\"wp-page\" data-elementor-id=\"24361\" class=\"elementor elementor-24361 elementor-23409\">\n\t\t\t\t\t\t<section class=\"elementor-section elementor-top-section elementor-element elementor-element-3761ee6 elementor-section-boxed elementor-section-height-default elementor-section-height-default\" data-id=\"3761ee6\" data-element_type=\"section\" data-e-type=\"section\">\n\t\t\t\t\t\t<div class=\"elementor-container elementor-column-gap-default\">\n\t\t\t\t\t<div class=\"elementor-column elementor-col-100 elementor-top-column elementor-element elementor-element-4245c4c\" data-id=\"4245c4c\" data-element_type=\"column\" data-e-type=\"column\">\n\t\t\t<div class=\"elementor-widget-wrap elementor-element-populated\">\n\t\t\t\t\t\t<section class=\"elementor-section elementor-inner-section elementor-element elementor-element-3dc7e09 elementor-section-content-bottom elementor-section-boxed elementor-section-height-default elementor-section-height-default\" data-id=\"3dc7e09\" data-element_type=\"section\" data-e-type=\"section\">\n\t\t\t\t\t\t<div class=\"elementor-container elementor-column-gap-default\">\n\t\t\t\t\t<div class=\"elementor-column elementor-col-100 elementor-inner-column elementor-element elementor-element-8db355e\" data-id=\"8db355e\" data-element_type=\"column\" data-e-type=\"column\">\n\t\t\t<div class=\"elementor-widget-wrap elementor-element-populated\">\n\t\t\t\t\t\t<div class=\"elementor-element elementor-element-d8c87d4 elementor-widget elementor-widget-image\" data-id=\"d8c87d4\" data-element_type=\"widget\" data-e-type=\"widget\" data-widget_type=\"image.default\">\n\t\t\t\t<div class=\"elementor-widget-container\">\n\t\t\t\t\t\t\t\t\t\t\t\t\t\t\t<img decoding=\"async\" src=\"https:\/\/deg.friedbrains.it\/wp-content\/uploads\/2026\/01\/logo-eplan-1.png\" title=\"logo-eplan\" alt=\"logo-eplan\" loading=\"lazy\" \/>\t\t\t\t\t\t\t\t\t\t\t\t\t\t\t<\/div>\n\t\t\t\t<\/div>\n\t\t\t\t<div class=\"elementor-element elementor-element-ac73e23 elementor-invisible elementor-widget elementor-widget-neuros_heading\" data-id=\"ac73e23\" data-element_type=\"widget\" data-e-type=\"widget\" data-settings=\"{&quot;_animation_delay&quot;:300,&quot;_animation&quot;:&quot;neuros_heading_animation&quot;}\" data-widget_type=\"neuros_heading.default\">\n\t\t\t\t<div class=\"elementor-widget-container\">\n\t\t\t\t\t<div class=\"neuros-heading-widget\"><h2 class=\"neuros-heading\"><span class=\"neuros-heading-content has_gradient_color_text\">Schaltanlagen SIVACON S8: Exzellenz und zertifizierte Partnerschaft<br \/><br \/><\/span><\/h2><\/div>\t\t\t\t<\/div>\n\t\t\t\t<\/div>\n\t\t\t\t<div class=\"elementor-element elementor-element-a9528ec elementor-widget__width-initial elementor-widget elementor-widget-text-editor\" data-id=\"a9528ec\" data-element_type=\"widget\" data-e-type=\"widget\" data-widget_type=\"text-editor.default\">\n\t\t\t\t<div class=\"elementor-widget-container\">\n\t\t\t\t\t\t\t\t\t<p>Dank unserer strategischen Zusammenarbeit mit Siemens sind wir <strong>offiziell zur Herstellung und zum Vertrieb<\/strong> der <strong>SIVACON S8<\/strong>-Schaltanlagen in Italien und im Ausland <strong>berechtigt<\/strong>.<\/p><p>Das SIVACON S8-System stellt die modernste L\u00f6sung f\u00fcr die Energieverteilung und f\u00fcr <strong>MCC-Anwendungen (Motor Control Center)<\/strong> mit ausziehbaren Einsch\u00fcbendar und garantiert die h\u00f6chsten Standards an Zuverl\u00e4ssigkeit und Leistung auf dem Markt.<\/p><p><strong>Die St\u00e4rken des Systems<br \/><\/strong><\/p><ol><li><strong>Sicherheit und Betriebskontinuit\u00e4t<\/strong><\/li><\/ol><p>Sicherheit ist keine Option, sondern das Herzst\u00fcck des SIVACON S8-Projekts. Das System wurde sorgf\u00e4ltig entwickelt, um sowohl das Betriebspersonal als auch die Integrit\u00e4t der Anlage selbst zu sch\u00fctzen, und zwar durch:<\/p><ul><li><strong>Widerstandsf\u00e4higkeit gegen Innenlichtbogen:<\/strong> Der nach der Norm <strong>IEC\/TR 61641<\/strong> gepr\u00fcfte Schaltschrank bietet einen \u00fcberlegenen aktiven und passiven Schutz, der darauf ausgelegt ist, Sch\u00e4den im Falle einer St\u00f6rung drastisch zu begrenzen.<\/li><li><strong>Internationale Zertifizierungen:<\/strong> Es handelt sich um ein vollst\u00e4ndig gepr\u00fcftes (<strong>Design Verified<\/strong>) System gem\u00e4\u00df der Norm <strong>IEC 61439-1\/2<\/strong>, das eine gleichbleibende Qualit\u00e4t und Technik gew\u00e4hrleistet.<\/li><li><strong>Fortschrittliche Verriegelungssysteme:<\/strong> Der Einsatz ergonomischer Griffe und pr\u00e4ziser mechanischer Verriegelungen verhindert Fehlbedienungen und gew\u00e4hrleistet sichere Bedienabl\u00e4ufe.<\/li><\/ul><ol start=\"2\"><li><strong>Modulare Vielseitigkeit und Montagetechnologien<\/strong><\/li><\/ol><p>Einer der gr\u00f6\u00dften Wettbewerbsvorteile des SIVACON S8 ist seine extreme Flexibilit\u00e4t. Das System kann verschiedene Montagetechnologien innerhalb desselben Fachs aufnehmen und so Platz und Kosten optimieren:<\/p><ul><li><strong>Feste Technik:<\/strong> Die ideale und kosteng\u00fcnstige L\u00f6sung f\u00fcr Lasten, die keine h\u00e4ufige Wartung oder schnelle Eingriffe erfordern.<\/li><li><strong>Ausziehbare Technik (Withdrawable):<\/strong> Spitzentechnologie f\u00fcr kritische Anwendungen. Erm\u00f6glicht den Austausch oder die Wartung von Modulen (Einsch\u00fcben) unter Spannung bei absoluter Sicherheit, reduziert Maschinenstillstandszeiten auf Null und gew\u00e4hrleistet maximale Betriebskontinuit\u00e4t.<\/li><li><strong>Stecktechnik:<\/strong> eine Zwischenl\u00f6sung, die einen schnellen Austausch der Komponenten erm\u00f6glicht, ohne die mechanische Komplexit\u00e4t des vollst\u00e4ndig ausziehbaren Systems zu erreichen.<\/li><\/ul><p>Mit der Sivacon S8-Reihe erweitert und st\u00e4rkt die D. e G. Group ihr Kerngesch\u00e4ft und erg\u00e4nzt die Planung und Fertigung von industriellen Schaltschr\u00e4nken um ein noch umfassenderes Angebot.<\/p>\t\t\t\t\t\t\t\t<\/div>\n\t\t\t\t<\/div>\n\t\t\t\t\t<\/div>\n\t\t<\/div>\n\t\t\t\t\t<\/div>\n\t\t<\/section>\n\t\t\t\t\t<\/div>\n\t\t<\/div>\n\t\t\t\t\t<\/div>\n\t\t<\/section>\n\t\t\t\t<section class=\"elementor-section elementor-top-section elementor-element elementor-element-3b613f9 elementor-section-full_width elementor-section-stretched elementor-section-height-default elementor-section-height-default\" data-id=\"3b613f9\" data-element_type=\"section\" data-e-type=\"section\" data-settings=\"{&quot;stretch_section&quot;:&quot;section-stretched&quot;}\">\n\t\t\t\t\t\t<div class=\"elementor-container elementor-column-gap-no\">\n\t\t\t\t\t<div class=\"elementor-column elementor-col-100 elementor-top-column elementor-element elementor-element-91d40db\" data-id=\"91d40db\" data-element_type=\"column\" data-e-type=\"column\">\n\t\t\t<div class=\"elementor-widget-wrap elementor-element-populated\">\n\t\t\t\t\t\t<section class=\"elementor-section elementor-inner-section elementor-element elementor-element-2885c10 elementor-section-boxed elementor-section-height-default elementor-section-height-default\" data-id=\"2885c10\" data-element_type=\"section\" data-e-type=\"section\" data-settings=\"{&quot;background_background&quot;:&quot;classic&quot;}\">\n\t\t\t\t\t\t<div class=\"elementor-container elementor-column-gap-default\">\n\t\t\t\t\t<div class=\"elementor-column elementor-col-50 elementor-inner-column elementor-element elementor-element-a6135a3\" data-id=\"a6135a3\" data-element_type=\"column\" data-e-type=\"column\">\n\t\t\t<div class=\"elementor-widget-wrap elementor-element-populated\">\n\t\t\t\t\t\t<div class=\"elementor-element elementor-element-39a04d6 elementor-invisible elementor-widget elementor-widget-neuros_heading\" data-id=\"39a04d6\" data-element_type=\"widget\" data-e-type=\"widget\" data-settings=\"{&quot;_animation&quot;:&quot;neuros_heading_animation&quot;,&quot;_animation_delay&quot;:300}\" data-widget_type=\"neuros_heading.default\">\n\t\t\t\t<div class=\"elementor-widget-container\">\n\t\t\t\t\t<div class=\"neuros-heading-widget\"><h2 class=\"neuros-heading\"><span class=\"neuros-heading-content has_gradient_color_text\">Kontakt<\/span><\/h2><\/div>\t\t\t\t<\/div>\n\t\t\t\t<\/div>\n\t\t\t\t\t<\/div>\n\t\t<\/div>\n\t\t\t\t<div class=\"elementor-column elementor-col-50 elementor-inner-column elementor-element elementor-element-6272abf\" data-id=\"6272abf\" data-element_type=\"column\" data-e-type=\"column\">\n\t\t\t<div class=\"elementor-widget-wrap elementor-element-populated\">\n\t\t\t\t\t\t<div class=\"elementor-element elementor-element-f1fca55 neuros-button-type-simple neuros-button-border-style-solid neuros-button-bakground-style-solid elementor-widget elementor-widget-neuros_button\" data-id=\"f1fca55\" data-element_type=\"widget\" data-e-type=\"widget\" data-widget_type=\"neuros_button.default\">\n\t\t\t\t<div class=\"elementor-widget-container\">\n\t\t\t\t\t\n        <div class=\"button-widget\">\n            <div class=\"button-container\">\n                                <a class=\"neuros-button\" href=\"https:\/\/deg.friedbrains.it\/de\/kontakt\/\" href=\"https:\/\/deg.friedbrains.it\/de\/kontakt\/\">MEHR ERFAHREN                        <span class=\"icon-button-arrow left\"><\/span><span class=\"icon-button-arrow right\"><\/span>                    \n                    <span class=\"button-inner\"><\/span>\n                <\/a>\n                            <\/div>\n        <\/div>\n        \t\t\t\t<\/div>\n\t\t\t\t<\/div>\n\t\t\t\t\t<\/div>\n\t\t<\/div>\n\t\t\t\t\t<\/div>\n\t\t<\/section>\n\t\t\t\t\t<\/div>\n\t\t<\/div>\n\t\t\t\t\t<\/div>\n\t\t<\/section>\n\t\t\t\t<\/div>\n\t\t","protected":false},"excerpt":{"rendered":"<p>Dank unserer strategischen Zusammenarbeit mit Siemens sind wir offiziell zur Herstellung und zum Vertrieb der SIVACON S8-Schaltanlagen in Italien und im Ausland berechtigt. Das SIVACON S8-System stellt die modernste L\u00f6sung f\u00fcr die Energieverteilung und f\u00fcr MCC-Anwendungen (Motor Control Center) mit ausziehbaren&#8230;<\/p>\n","protected":false},"author":2,"featured_media":24363,"parent":0,"menu_order":1,"comment_status":"closed","ping_status":"closed","template":"","meta":{"_acf_changed":false,"inline_featured_image":false,"footnotes":""},"class_list":["post-24361","page","type-page","status-publish","has-post-thumbnail","hentry"],"acf":[],"yoast_head":"<!-- This site is optimized with the Yoast SEO plugin v27.2 - https:\/\/yoast.com\/product\/yoast-seo-wordpress\/ -->\n<title>Siemens - DeG Group<\/title>\n<meta name=\"robots\" content=\"noindex, follow, max-snippet:-1, max-image-preview:large, max-video-preview:-1\" \/>\n<meta property=\"og:locale\" content=\"de_DE\" \/>\n<meta property=\"og:type\" content=\"article\" \/>\n<meta property=\"og:title\" content=\"Siemens - DeG Group\" \/>\n<meta property=\"og:description\" content=\"Dank unserer strategischen Zusammenarbeit mit Siemens sind wir offiziell zur Herstellung und zum Vertrieb der SIVACON S8-Schaltanlagen in Italien und im Ausland berechtigt. Das SIVACON S8-System stellt die modernste L\u00f6sung f\u00fcr die Energieverteilung und f\u00fcr MCC-Anwendungen (Motor Control Center) mit ausziehbaren...\" \/>\n<meta property=\"og:url\" content=\"https:\/\/deg.friedbrains.it\/de\/siemens\/\" \/>\n<meta property=\"og:site_name\" content=\"DeG Group\" \/>\n<meta property=\"article:modified_time\" content=\"2026-03-26T09:43:38+00:00\" \/>\n<meta property=\"og:image\" content=\"https:\/\/deg.friedbrains.it\/wp-content\/uploads\/2026\/03\/cover-siemens.jpg\" \/>\n\t<meta property=\"og:image:width\" content=\"2119\" \/>\n\t<meta property=\"og:image:height\" content=\"1192\" \/>\n\t<meta property=\"og:image:type\" content=\"image\/jpeg\" \/>\n<meta name=\"twitter:card\" content=\"summary_large_image\" \/>\n<meta name=\"twitter:label1\" content=\"Gesch\u00e4tzte Lesezeit\" \/>\n\t<meta name=\"twitter:data1\" content=\"2\u00a0Minuten\" \/>\n<script type=\"application\/ld+json\" class=\"yoast-schema-graph\">{\"@context\":\"https:\/\/schema.org\",\"@graph\":[{\"@type\":\"WebPage\",\"@id\":\"https:\/\/deg.friedbrains.it\/de\/siemens\/\",\"url\":\"https:\/\/deg.friedbrains.it\/de\/siemens\/\",\"name\":\"Siemens - DeG Group\",\"isPartOf\":{\"@id\":\"https:\/\/deg.friedbrains.it\/de\/#website\"},\"primaryImageOfPage\":{\"@id\":\"https:\/\/deg.friedbrains.it\/de\/siemens\/#primaryimage\"},\"image\":{\"@id\":\"https:\/\/deg.friedbrains.it\/de\/siemens\/#primaryimage\"},\"thumbnailUrl\":\"https:\/\/deg.friedbrains.it\/wp-content\/uploads\/2026\/03\/cover-siemens.jpg\",\"datePublished\":\"2026-01-15T14:24:07+00:00\",\"dateModified\":\"2026-03-26T09:43:38+00:00\",\"breadcrumb\":{\"@id\":\"https:\/\/deg.friedbrains.it\/de\/siemens\/#breadcrumb\"},\"inLanguage\":\"de\",\"potentialAction\":[{\"@type\":\"ReadAction\",\"target\":[\"https:\/\/deg.friedbrains.it\/de\/siemens\/\"]}]},{\"@type\":\"ImageObject\",\"inLanguage\":\"de\",\"@id\":\"https:\/\/deg.friedbrains.it\/de\/siemens\/#primaryimage\",\"url\":\"https:\/\/deg.friedbrains.it\/wp-content\/uploads\/2026\/03\/cover-siemens.jpg\",\"contentUrl\":\"https:\/\/deg.friedbrains.it\/wp-content\/uploads\/2026\/03\/cover-siemens.jpg\",\"width\":2119,\"height\":1192},{\"@type\":\"BreadcrumbList\",\"@id\":\"https:\/\/deg.friedbrains.it\/de\/siemens\/#breadcrumb\",\"itemListElement\":[{\"@type\":\"ListItem\",\"position\":1,\"name\":\"Home\",\"item\":\"https:\/\/deg.friedbrains.it\/de\/\"},{\"@type\":\"ListItem\",\"position\":2,\"name\":\"Siemens\"}]},{\"@type\":\"WebSite\",\"@id\":\"https:\/\/deg.friedbrains.it\/de\/#website\",\"url\":\"https:\/\/deg.friedbrains.it\/de\/\",\"name\":\"DeG GROUP S.r.l.\",\"description\":\"\",\"publisher\":{\"@id\":\"https:\/\/deg.friedbrains.it\/de\/#organization\"},\"potentialAction\":[{\"@type\":\"SearchAction\",\"target\":{\"@type\":\"EntryPoint\",\"urlTemplate\":\"https:\/\/deg.friedbrains.it\/de\/?s={search_term_string}\"},\"query-input\":{\"@type\":\"PropertyValueSpecification\",\"valueRequired\":true,\"valueName\":\"search_term_string\"}}],\"inLanguage\":\"de\"},{\"@type\":\"Organization\",\"@id\":\"https:\/\/deg.friedbrains.it\/de\/#organization\",\"name\":\"DeG GROUP S.r.l.\",\"url\":\"https:\/\/deg.friedbrains.it\/de\/\",\"logo\":{\"@type\":\"ImageObject\",\"inLanguage\":\"de\",\"@id\":\"https:\/\/deg.friedbrains.it\/de\/#\/schema\/logo\/image\/\",\"url\":\"https:\/\/deg.friedbrains.it\/wp-content\/uploads\/2025\/06\/deg-logo.svg\",\"contentUrl\":\"https:\/\/deg.friedbrains.it\/wp-content\/uploads\/2025\/06\/deg-logo.svg\",\"width\":1885,\"height\":712,\"caption\":\"DeG GROUP S.r.l.\"},\"image\":{\"@id\":\"https:\/\/deg.friedbrains.it\/de\/#\/schema\/logo\/image\/\"}}]}<\/script>\n<!-- \/ Yoast SEO plugin. -->","yoast_head_json":{"title":"Siemens - DeG Group","robots":{"index":"noindex","follow":"follow","max-snippet":"max-snippet:-1","max-image-preview":"max-image-preview:large","max-video-preview":"max-video-preview:-1"},"og_locale":"de_DE","og_type":"article","og_title":"Siemens - DeG Group","og_description":"Dank unserer strategischen Zusammenarbeit mit Siemens sind wir offiziell zur Herstellung und zum Vertrieb der SIVACON S8-Schaltanlagen in Italien und im Ausland berechtigt. Das SIVACON S8-System stellt die modernste L\u00f6sung f\u00fcr die Energieverteilung und f\u00fcr MCC-Anwendungen (Motor Control Center) mit ausziehbaren...","og_url":"https:\/\/deg.friedbrains.it\/de\/siemens\/","og_site_name":"DeG Group","article_modified_time":"2026-03-26T09:43:38+00:00","og_image":[{"width":2119,"height":1192,"url":"https:\/\/deg.friedbrains.it\/wp-content\/uploads\/2026\/03\/cover-siemens.jpg","type":"image\/jpeg"}],"twitter_card":"summary_large_image","twitter_misc":{"Gesch\u00e4tzte Lesezeit":"2\u00a0Minuten"},"schema":{"@context":"https:\/\/schema.org","@graph":[{"@type":"WebPage","@id":"https:\/\/deg.friedbrains.it\/de\/siemens\/","url":"https:\/\/deg.friedbrains.it\/de\/siemens\/","name":"Siemens - DeG Group","isPartOf":{"@id":"https:\/\/deg.friedbrains.it\/de\/#website"},"primaryImageOfPage":{"@id":"https:\/\/deg.friedbrains.it\/de\/siemens\/#primaryimage"},"image":{"@id":"https:\/\/deg.friedbrains.it\/de\/siemens\/#primaryimage"},"thumbnailUrl":"https:\/\/deg.friedbrains.it\/wp-content\/uploads\/2026\/03\/cover-siemens.jpg","datePublished":"2026-01-15T14:24:07+00:00","dateModified":"2026-03-26T09:43:38+00:00","breadcrumb":{"@id":"https:\/\/deg.friedbrains.it\/de\/siemens\/#breadcrumb"},"inLanguage":"de","potentialAction":[{"@type":"ReadAction","target":["https:\/\/deg.friedbrains.it\/de\/siemens\/"]}]},{"@type":"ImageObject","inLanguage":"de","@id":"https:\/\/deg.friedbrains.it\/de\/siemens\/#primaryimage","url":"https:\/\/deg.friedbrains.it\/wp-content\/uploads\/2026\/03\/cover-siemens.jpg","contentUrl":"https:\/\/deg.friedbrains.it\/wp-content\/uploads\/2026\/03\/cover-siemens.jpg","width":2119,"height":1192},{"@type":"BreadcrumbList","@id":"https:\/\/deg.friedbrains.it\/de\/siemens\/#breadcrumb","itemListElement":[{"@type":"ListItem","position":1,"name":"Home","item":"https:\/\/deg.friedbrains.it\/de\/"},{"@type":"ListItem","position":2,"name":"Siemens"}]},{"@type":"WebSite","@id":"https:\/\/deg.friedbrains.it\/de\/#website","url":"https:\/\/deg.friedbrains.it\/de\/","name":"DeG GROUP S.r.l.","description":"","publisher":{"@id":"https:\/\/deg.friedbrains.it\/de\/#organization"},"potentialAction":[{"@type":"SearchAction","target":{"@type":"EntryPoint","urlTemplate":"https:\/\/deg.friedbrains.it\/de\/?s={search_term_string}"},"query-input":{"@type":"PropertyValueSpecification","valueRequired":true,"valueName":"search_term_string"}}],"inLanguage":"de"},{"@type":"Organization","@id":"https:\/\/deg.friedbrains.it\/de\/#organization","name":"DeG GROUP S.r.l.","url":"https:\/\/deg.friedbrains.it\/de\/","logo":{"@type":"ImageObject","inLanguage":"de","@id":"https:\/\/deg.friedbrains.it\/de\/#\/schema\/logo\/image\/","url":"https:\/\/deg.friedbrains.it\/wp-content\/uploads\/2025\/06\/deg-logo.svg","contentUrl":"https:\/\/deg.friedbrains.it\/wp-content\/uploads\/2025\/06\/deg-logo.svg","width":1885,"height":712,"caption":"DeG GROUP S.r.l."},"image":{"@id":"https:\/\/deg.friedbrains.it\/de\/#\/schema\/logo\/image\/"}}]}},"_links":{"self":[{"href":"https:\/\/deg.friedbrains.it\/de\/wp-json\/wp\/v2\/pages\/24361","targetHints":{"allow":["GET"]}}],"collection":[{"href":"https:\/\/deg.friedbrains.it\/de\/wp-json\/wp\/v2\/pages"}],"about":[{"href":"https:\/\/deg.friedbrains.it\/de\/wp-json\/wp\/v2\/types\/page"}],"author":[{"embeddable":true,"href":"https:\/\/deg.friedbrains.it\/de\/wp-json\/wp\/v2\/users\/2"}],"replies":[{"embeddable":true,"href":"https:\/\/deg.friedbrains.it\/de\/wp-json\/wp\/v2\/comments?post=24361"}],"version-history":[{"count":7,"href":"https:\/\/deg.friedbrains.it\/de\/wp-json\/wp\/v2\/pages\/24361\/revisions"}],"predecessor-version":[{"id":25917,"href":"https:\/\/deg.friedbrains.it\/de\/wp-json\/wp\/v2\/pages\/24361\/revisions\/25917"}],"wp:featuredmedia":[{"embeddable":true,"href":"https:\/\/deg.friedbrains.it\/de\/wp-json\/wp\/v2\/media\/24363"}],"wp:attachment":[{"href":"https:\/\/deg.friedbrains.it\/de\/wp-json\/wp\/v2\/media?parent=24361"}],"curies":[{"name":"wp","href":"https:\/\/api.w.org\/{rel}","templated":true}]}}