{"id":24301,"date":"2025-06-27T12:12:32","date_gmt":"2025-06-27T10:12:32","guid":{"rendered":"https:\/\/deg.friedbrains.it\/quadri\/"},"modified":"2026-03-26T11:24:11","modified_gmt":"2026-03-26T10:24:11","slug":"schaltanlagen","status":"publish","type":"page","link":"https:\/\/deg.friedbrains.it\/de\/schaltanlagen\/","title":{"rendered":"Schaltanlagen"},"content":{"rendered":"\t\t<div data-elementor-type=\"wp-page\" data-elementor-id=\"24301\" class=\"elementor elementor-24301 elementor-22960\">\n\t\t\t\t\t\t<section class=\"elementor-section elementor-top-section elementor-element elementor-element-d7b8b48 elementor-section-boxed elementor-section-height-default elementor-section-height-default\" data-id=\"d7b8b48\" data-element_type=\"section\" data-e-type=\"section\">\n\t\t\t\t\t\t<div class=\"elementor-container elementor-column-gap-default\">\n\t\t\t\t\t<div class=\"elementor-column elementor-col-100 elementor-top-column elementor-element elementor-element-8a756aa\" data-id=\"8a756aa\" data-element_type=\"column\" data-e-type=\"column\">\n\t\t\t<div class=\"elementor-widget-wrap elementor-element-populated\">\n\t\t\t\t\t\t<div class=\"elementor-element elementor-element-95e187f elementor-widget elementor-widget-heading\" data-id=\"95e187f\" data-element_type=\"widget\" data-e-type=\"widget\" data-widget_type=\"heading.default\">\n\t\t\t\t<div class=\"elementor-widget-container\">\n\t\t\t\t\t<h2 class=\"elementor-heading-title elementor-size-default\">Die Schaltschr\u00e4nke von D. e G. vereinen technisches Know-how, hochwertige Materialien und die Ber\u00fccksichtigung der tats\u00e4chlichen Produktionsanforderungen. Automatisierung, Verteilung oder Power Center: Jeder Schaltschrank wird ma\u00dfgeschneidert entwickelt, mit einem flexiblen und leistungsorientierten Ansatz.<\/h2>\t\t\t\t<\/div>\n\t\t\t\t<\/div>\n\t\t\t\t<div class=\"elementor-element elementor-element-3684305 listing-pagination-border-style-gradient listing-pagination-background-style-solid elementor-widget elementor-widget-neuros_projects_listing\" data-id=\"3684305\" data-element_type=\"widget\" data-e-type=\"widget\" data-widget_type=\"neuros_projects_listing.default\">\n\t\t\t\t<div class=\"elementor-widget-container\">\n\t\t\t\t\t\n        <div class=\"neuros-projects-listing-widget isotope\">\n\n            \n            \n            \n            <div class=\"archive-listing\" data-ajax='{&quot;post_type&quot;:&quot;neuros_project&quot;,&quot;ignore_sticky_posts&quot;:true,&quot;suppress_filters&quot;:false,&quot;orderby&quot;:&quot;date&quot;,&quot;order&quot;:&quot;desc&quot;,&quot;link_base&quot;:&quot;https:\\\/\\\/deg.friedbrains.it\\\/de\\\/wp-json\\\/wp\\\/v2\\\/pages\\\/24301\\\/&quot;,&quot;neuros_project_category&quot;:[&quot;quadri&quot;],&quot;posts_per_page&quot;:8,&quot;paged&quot;:1}' data-widget='{&quot;item_class&quot;:&quot;project-item-wrapper isotope-item&quot;,&quot;columns_number&quot;:2,&quot;listing_type&quot;:&quot;masonry&quot;,&quot;text_position&quot;:&quot;inside&quot;,&quot;show_pagination&quot;:&quot;yes&quot;}'>\n                <div class=\"archive-listing-wrapper project-listing-wrapper text-position-inside isotope-trigger project-masonry-listing columns-2\">\n                    \n<div class=\"project-item-wrapper isotope-item post-24631 neuros_project type-neuros_project status-publish has-post-thumbnail hentry neuros_project_category-quadri\">\n    <div class=\"project-item\">\n    \t    \t\t\t<a href=\"https:\/\/deg.friedbrains.it\/de\/produkte\/atex-schaltanlagen\/\" class=\"project-item-link\">\n\t\t            <span class=\"project-item-media\"><img decoding=\"async\" alt=\"SAM_1101 web\" srcset=\"https:\/\/deg.friedbrains.it\/wp-content\/uploads\/2026\/03\/SAM_1101-web-640x640.jpg 575w, https:\/\/deg.friedbrains.it\/wp-content\/uploads\/2026\/03\/SAM_1101-web-500x500.jpg 991w, https:\/\/deg.friedbrains.it\/wp-content\/uploads\/2026\/03\/SAM_1101-web-960x856.jpg 1340w\" sizes=\"(max-width: 575px) 575px, (max-width: 991px) 991px\" src=\"https:\/\/deg.friedbrains.it\/wp-content\/uploads\/2026\/03\/SAM_1101-web-960x856.jpg\" class=\"attachment-neuros_portfolio_masonry_2_columns size-neuros_portfolio_masonry_2_columns wp-post-image\" \/><\/span><span class=\"project-item-content-wrapper\"><span class=\"project-item-content\"><span class=\"post-title\">ATEX-schaltanlagen<\/span><\/span><\/span>\t\t        <\/a>\n\t\t            \t\t        \n    <\/div>\n<\/div>\n<div class=\"project-item-wrapper isotope-item post-24598 neuros_project type-neuros_project status-publish has-post-thumbnail hentry neuros_project_category-quadri\">\n    <div class=\"project-item\">\n    \t    \t\t\t<a href=\"https:\/\/deg.friedbrains.it\/de\/produkte\/mcc-schaltschraenke\/\" class=\"project-item-link\">\n\t\t            <span class=\"project-item-media\"><img decoding=\"async\" alt=\"IMG_0346\" srcset=\"https:\/\/deg.friedbrains.it\/wp-content\/uploads\/2026\/01\/IMG_0346-640x640.jpg 575w, https:\/\/deg.friedbrains.it\/wp-content\/uploads\/2026\/01\/IMG_0346-500x500.jpg 991w, https:\/\/deg.friedbrains.it\/wp-content\/uploads\/2026\/01\/IMG_0346-960x960.jpg 1340w\" sizes=\"(max-width: 575px) 575px, (max-width: 991px) 991px\" src=\"https:\/\/deg.friedbrains.it\/wp-content\/uploads\/2026\/01\/IMG_0346-960x960.jpg\" class=\"attachment-neuros_portfolio_masonry_2_columns size-neuros_portfolio_masonry_2_columns wp-post-image\" \/><\/span><span class=\"project-item-content-wrapper\"><span class=\"project-item-content\"><span class=\"post-title\">MCC-schaltschr\u00e4nke<\/span><\/span><\/span>\t\t        <\/a>\n\t\t            \t\t        \n    <\/div>\n<\/div>\n<div class=\"project-item-wrapper isotope-item post-24532 neuros_project type-neuros_project status-publish has-post-thumbnail hentry neuros_project_category-quadri\">\n    <div class=\"project-item\">\n    \t    \t\t\t<a href=\"https:\/\/deg.friedbrains.it\/de\/produkte\/power-center-schaltschraenke\/\" class=\"project-item-link\">\n\t\t            <span class=\"project-item-media\"><img decoding=\"async\" alt=\"SAM_7360\" srcset=\"https:\/\/deg.friedbrains.it\/wp-content\/uploads\/2026\/01\/SAM_7360-640x640.jpg 575w, https:\/\/deg.friedbrains.it\/wp-content\/uploads\/2026\/01\/SAM_7360-500x500.jpg 991w, https:\/\/deg.friedbrains.it\/wp-content\/uploads\/2026\/01\/SAM_7360-960x960.jpg 1340w\" sizes=\"(max-width: 575px) 575px, (max-width: 991px) 991px\" src=\"https:\/\/deg.friedbrains.it\/wp-content\/uploads\/2026\/01\/SAM_7360-960x960.jpg\" class=\"attachment-neuros_portfolio_masonry_2_columns size-neuros_portfolio_masonry_2_columns wp-post-image\" \/><\/span><span class=\"project-item-content-wrapper\"><span class=\"project-item-content\"><span class=\"post-title\">Power center-schaltschr\u00e4nke<\/span><\/span><\/span>\t\t        <\/a>\n\t\t            \t\t        \n    <\/div>\n<\/div>\n<div class=\"project-item-wrapper isotope-item post-24430 neuros_project type-neuros_project status-publish has-post-thumbnail hentry neuros_project_category-quadri\">\n    <div class=\"project-item\">\n    \t    \t\t\t<a href=\"https:\/\/deg.friedbrains.it\/de\/produkte\/schaltanlagen\/\" class=\"project-item-link\">\n\t\t            <span class=\"project-item-media\"><img decoding=\"async\" alt=\"SAM_0607 rev\" srcset=\"https:\/\/deg.friedbrains.it\/wp-content\/uploads\/2026\/01\/SAM_0607-rev-640x640.jpeg 575w, https:\/\/deg.friedbrains.it\/wp-content\/uploads\/2026\/01\/SAM_0607-rev-500x500.jpeg 991w, https:\/\/deg.friedbrains.it\/wp-content\/uploads\/2026\/01\/SAM_0607-rev-960x960.jpeg 1340w\" sizes=\"(max-width: 575px) 575px, (max-width: 991px) 991px\" src=\"https:\/\/deg.friedbrains.it\/wp-content\/uploads\/2026\/01\/SAM_0607-rev-960x960.jpeg\" class=\"attachment-neuros_portfolio_masonry_2_columns size-neuros_portfolio_masonry_2_columns wp-post-image\" \/><\/span><span class=\"project-item-content-wrapper\"><span class=\"project-item-content\"><span class=\"post-title\">Schaltanlagen<\/span><\/span><\/span>\t\t        <\/a>\n\t\t            \t\t        \n    <\/div>\n<\/div>\n<div class=\"project-item-wrapper isotope-item post-24484 neuros_project type-neuros_project status-publish has-post-thumbnail hentry neuros_project_category-quadri\">\n    <div class=\"project-item\">\n    \t    \t\t\t<a href=\"https:\/\/deg.friedbrains.it\/de\/produkte\/automatisierungsschaltanlagen\/\" class=\"project-item-link\">\n\t\t            <span class=\"project-item-media\"><img decoding=\"async\" alt=\"Banner slide header qaudri\" srcset=\"https:\/\/deg.friedbrains.it\/wp-content\/uploads\/2024\/02\/Banner-slide-header-qaudri-640x640.jpg 575w, https:\/\/deg.friedbrains.it\/wp-content\/uploads\/2024\/02\/Banner-slide-header-qaudri-500x500.jpg 991w, https:\/\/deg.friedbrains.it\/wp-content\/uploads\/2024\/02\/Banner-slide-header-qaudri-960x960.jpg 1340w\" sizes=\"(max-width: 575px) 575px, (max-width: 991px) 991px\" src=\"https:\/\/deg.friedbrains.it\/wp-content\/uploads\/2024\/02\/Banner-slide-header-qaudri-960x960.jpg\" class=\"attachment-neuros_portfolio_masonry_2_columns size-neuros_portfolio_masonry_2_columns wp-post-image\" \/><\/span><span class=\"project-item-content-wrapper\"><span class=\"project-item-content\"><span class=\"post-title\">Automatisierungsschaltanlagen<\/span><\/span><\/span>\t\t        <\/a>\n\t\t            \t\t        \n    <\/div>\n<\/div><div class=\"grid-sizer\"><\/div>                <\/div>\n\n                            <\/div>\n\n            \n        <\/div>\n        \t\t\t\t<\/div>\n\t\t\t\t<\/div>\n\t\t\t\t\t<\/div>\n\t\t<\/div>\n\t\t\t\t\t<\/div>\n\t\t<\/section>\n\t\t\t\t<section class=\"elementor-section elementor-top-section elementor-element elementor-element-27c9d02 elementor-section-full_width elementor-section-stretched elementor-section-height-default elementor-section-height-default\" data-id=\"27c9d02\" data-element_type=\"section\" data-e-type=\"section\" data-settings=\"{&quot;stretch_section&quot;:&quot;section-stretched&quot;}\">\n\t\t\t\t\t\t<div class=\"elementor-container elementor-column-gap-no\">\n\t\t\t\t\t<div class=\"elementor-column elementor-col-100 elementor-top-column elementor-element elementor-element-7d67397\" data-id=\"7d67397\" data-element_type=\"column\" data-e-type=\"column\">\n\t\t\t<div class=\"elementor-widget-wrap elementor-element-populated\">\n\t\t\t\t\t\t<section class=\"elementor-section elementor-inner-section elementor-element elementor-element-1064949 elementor-section-boxed elementor-section-height-default elementor-section-height-default\" data-id=\"1064949\" data-element_type=\"section\" data-e-type=\"section\" data-settings=\"{&quot;background_background&quot;:&quot;classic&quot;}\">\n\t\t\t\t\t\t<div class=\"elementor-container elementor-column-gap-default\">\n\t\t\t\t\t<div class=\"elementor-column elementor-col-50 elementor-inner-column elementor-element elementor-element-4736d45\" data-id=\"4736d45\" data-element_type=\"column\" data-e-type=\"column\">\n\t\t\t<div class=\"elementor-widget-wrap elementor-element-populated\">\n\t\t\t\t\t\t<div class=\"elementor-element elementor-element-5192300 elementor-invisible elementor-widget elementor-widget-neuros_heading\" data-id=\"5192300\" data-element_type=\"widget\" data-e-type=\"widget\" data-settings=\"{&quot;_animation&quot;:&quot;neuros_heading_animation&quot;,&quot;_animation_delay&quot;:300}\" data-widget_type=\"neuros_heading.default\">\n\t\t\t\t<div class=\"elementor-widget-container\">\n\t\t\t\t\t<div class=\"neuros-heading-widget\"><h2 class=\"neuros-heading\"><span class=\"neuros-heading-content has_gradient_color_text\">Kontakt<\/span><\/h2><\/div>\t\t\t\t<\/div>\n\t\t\t\t<\/div>\n\t\t\t\t\t<\/div>\n\t\t<\/div>\n\t\t\t\t<div class=\"elementor-column elementor-col-50 elementor-inner-column elementor-element elementor-element-42707aa\" data-id=\"42707aa\" data-element_type=\"column\" data-e-type=\"column\">\n\t\t\t<div class=\"elementor-widget-wrap elementor-element-populated\">\n\t\t\t\t\t\t<div class=\"elementor-element elementor-element-c85d93b neuros-button-type-simple neuros-button-border-style-solid neuros-button-bakground-style-solid elementor-widget elementor-widget-neuros_button\" data-id=\"c85d93b\" data-element_type=\"widget\" data-e-type=\"widget\" data-widget_type=\"neuros_button.default\">\n\t\t\t\t<div class=\"elementor-widget-container\">\n\t\t\t\t\t\n        <div class=\"button-widget\">\n            <div class=\"button-container\">\n                                <a class=\"neuros-button\" href=\"https:\/\/deg.friedbrains.it\/de\/kontakt\/\" href=\"https:\/\/deg.friedbrains.it\/de\/kontakt\/\">MEHR ERFAHREN                        <span class=\"icon-button-arrow left\"><\/span><span class=\"icon-button-arrow right\"><\/span>                    \n                    <span class=\"button-inner\"><\/span>\n                <\/a>\n                            <\/div>\n        <\/div>\n        \t\t\t\t<\/div>\n\t\t\t\t<\/div>\n\t\t\t\t\t<\/div>\n\t\t<\/div>\n\t\t\t\t\t<\/div>\n\t\t<\/section>\n\t\t\t\t\t<\/div>\n\t\t<\/div>\n\t\t\t\t\t<\/div>\n\t\t<\/section>\n\t\t\t\t<\/div>\n\t\t","protected":false},"excerpt":{"rendered":"<p>Die Schaltschr\u00e4nke von D. e G. vereinen technisches Know-how, hochwertige Materialien und die Ber\u00fccksichtigung der tats\u00e4chlichen Produktionsanforderungen. Automatisierung, Verteilung oder Power Center: Jeder Schaltschrank wird ma\u00dfgeschneidert entwickelt, mit einem flexiblen und leistungsorientierten Ansatz.<\/p>\n","protected":false},"author":1,"featured_media":0,"parent":0,"menu_order":0,"comment_status":"closed","ping_status":"closed","template":"","meta":{"_acf_changed":false,"inline_featured_image":false,"footnotes":""},"class_list":["post-24301","page","type-page","status-publish","hentry"],"acf":[],"yoast_head":"<!-- This site is optimized with the Yoast SEO plugin v27.2 - https:\/\/yoast.com\/product\/yoast-seo-wordpress\/ -->\n<title>Schaltanlagen - DeG Group<\/title>\n<meta name=\"robots\" content=\"noindex, follow, max-snippet:-1, max-image-preview:large, max-video-preview:-1\" \/>\n<meta property=\"og:locale\" content=\"de_DE\" \/>\n<meta property=\"og:type\" content=\"article\" \/>\n<meta property=\"og:title\" content=\"Schaltanlagen - DeG Group\" \/>\n<meta property=\"og:description\" content=\"Die Schaltschr\u00e4nke von D. e G. vereinen technisches Know-how, hochwertige Materialien und die Ber\u00fccksichtigung der tats\u00e4chlichen Produktionsanforderungen. Automatisierung, Verteilung oder Power Center: Jeder Schaltschrank wird ma\u00dfgeschneidert entwickelt, mit einem flexiblen und leistungsorientierten Ansatz.\" \/>\n<meta property=\"og:url\" content=\"https:\/\/deg.friedbrains.it\/de\/schaltanlagen\/\" \/>\n<meta property=\"og:site_name\" content=\"DeG Group\" \/>\n<meta property=\"article:modified_time\" content=\"2026-03-26T10:24:11+00:00\" \/>\n<meta name=\"twitter:card\" content=\"summary_large_image\" \/>\n<meta name=\"twitter:label1\" content=\"Gesch\u00e4tzte Lesezeit\" \/>\n\t<meta name=\"twitter:data1\" content=\"2\u00a0Minuten\" \/>\n<script type=\"application\/ld+json\" class=\"yoast-schema-graph\">{\"@context\":\"https:\/\/schema.org\",\"@graph\":[{\"@type\":\"WebPage\",\"@id\":\"https:\/\/deg.friedbrains.it\/de\/schaltanlagen\/\",\"url\":\"https:\/\/deg.friedbrains.it\/de\/schaltanlagen\/\",\"name\":\"Schaltanlagen - DeG Group\",\"isPartOf\":{\"@id\":\"https:\/\/deg.friedbrains.it\/de\/#website\"},\"datePublished\":\"2025-06-27T10:12:32+00:00\",\"dateModified\":\"2026-03-26T10:24:11+00:00\",\"breadcrumb\":{\"@id\":\"https:\/\/deg.friedbrains.it\/de\/schaltanlagen\/#breadcrumb\"},\"inLanguage\":\"de\",\"potentialAction\":[{\"@type\":\"ReadAction\",\"target\":[\"https:\/\/deg.friedbrains.it\/de\/schaltanlagen\/\"]}]},{\"@type\":\"BreadcrumbList\",\"@id\":\"https:\/\/deg.friedbrains.it\/de\/schaltanlagen\/#breadcrumb\",\"itemListElement\":[{\"@type\":\"ListItem\",\"position\":1,\"name\":\"Home\",\"item\":\"https:\/\/deg.friedbrains.it\/de\/\"},{\"@type\":\"ListItem\",\"position\":2,\"name\":\"Schaltanlagen\"}]},{\"@type\":\"WebSite\",\"@id\":\"https:\/\/deg.friedbrains.it\/de\/#website\",\"url\":\"https:\/\/deg.friedbrains.it\/de\/\",\"name\":\"DeG GROUP S.r.l.\",\"description\":\"\",\"publisher\":{\"@id\":\"https:\/\/deg.friedbrains.it\/de\/#organization\"},\"potentialAction\":[{\"@type\":\"SearchAction\",\"target\":{\"@type\":\"EntryPoint\",\"urlTemplate\":\"https:\/\/deg.friedbrains.it\/de\/?s={search_term_string}\"},\"query-input\":{\"@type\":\"PropertyValueSpecification\",\"valueRequired\":true,\"valueName\":\"search_term_string\"}}],\"inLanguage\":\"de\"},{\"@type\":\"Organization\",\"@id\":\"https:\/\/deg.friedbrains.it\/de\/#organization\",\"name\":\"DeG GROUP S.r.l.\",\"url\":\"https:\/\/deg.friedbrains.it\/de\/\",\"logo\":{\"@type\":\"ImageObject\",\"inLanguage\":\"de\",\"@id\":\"https:\/\/deg.friedbrains.it\/de\/#\/schema\/logo\/image\/\",\"url\":\"https:\/\/deg.friedbrains.it\/wp-content\/uploads\/2025\/06\/deg-logo.svg\",\"contentUrl\":\"https:\/\/deg.friedbrains.it\/wp-content\/uploads\/2025\/06\/deg-logo.svg\",\"width\":1885,\"height\":712,\"caption\":\"DeG GROUP S.r.l.\"},\"image\":{\"@id\":\"https:\/\/deg.friedbrains.it\/de\/#\/schema\/logo\/image\/\"}}]}<\/script>\n<!-- \/ Yoast SEO plugin. -->","yoast_head_json":{"title":"Schaltanlagen - DeG Group","robots":{"index":"noindex","follow":"follow","max-snippet":"max-snippet:-1","max-image-preview":"max-image-preview:large","max-video-preview":"max-video-preview:-1"},"og_locale":"de_DE","og_type":"article","og_title":"Schaltanlagen - DeG Group","og_description":"Die Schaltschr\u00e4nke von D. e G. vereinen technisches Know-how, hochwertige Materialien und die Ber\u00fccksichtigung der tats\u00e4chlichen Produktionsanforderungen. Automatisierung, Verteilung oder Power Center: Jeder Schaltschrank wird ma\u00dfgeschneidert entwickelt, mit einem flexiblen und leistungsorientierten Ansatz.","og_url":"https:\/\/deg.friedbrains.it\/de\/schaltanlagen\/","og_site_name":"DeG Group","article_modified_time":"2026-03-26T10:24:11+00:00","twitter_card":"summary_large_image","twitter_misc":{"Gesch\u00e4tzte Lesezeit":"2\u00a0Minuten"},"schema":{"@context":"https:\/\/schema.org","@graph":[{"@type":"WebPage","@id":"https:\/\/deg.friedbrains.it\/de\/schaltanlagen\/","url":"https:\/\/deg.friedbrains.it\/de\/schaltanlagen\/","name":"Schaltanlagen - DeG Group","isPartOf":{"@id":"https:\/\/deg.friedbrains.it\/de\/#website"},"datePublished":"2025-06-27T10:12:32+00:00","dateModified":"2026-03-26T10:24:11+00:00","breadcrumb":{"@id":"https:\/\/deg.friedbrains.it\/de\/schaltanlagen\/#breadcrumb"},"inLanguage":"de","potentialAction":[{"@type":"ReadAction","target":["https:\/\/deg.friedbrains.it\/de\/schaltanlagen\/"]}]},{"@type":"BreadcrumbList","@id":"https:\/\/deg.friedbrains.it\/de\/schaltanlagen\/#breadcrumb","itemListElement":[{"@type":"ListItem","position":1,"name":"Home","item":"https:\/\/deg.friedbrains.it\/de\/"},{"@type":"ListItem","position":2,"name":"Schaltanlagen"}]},{"@type":"WebSite","@id":"https:\/\/deg.friedbrains.it\/de\/#website","url":"https:\/\/deg.friedbrains.it\/de\/","name":"DeG GROUP S.r.l.","description":"","publisher":{"@id":"https:\/\/deg.friedbrains.it\/de\/#organization"},"potentialAction":[{"@type":"SearchAction","target":{"@type":"EntryPoint","urlTemplate":"https:\/\/deg.friedbrains.it\/de\/?s={search_term_string}"},"query-input":{"@type":"PropertyValueSpecification","valueRequired":true,"valueName":"search_term_string"}}],"inLanguage":"de"},{"@type":"Organization","@id":"https:\/\/deg.friedbrains.it\/de\/#organization","name":"DeG GROUP S.r.l.","url":"https:\/\/deg.friedbrains.it\/de\/","logo":{"@type":"ImageObject","inLanguage":"de","@id":"https:\/\/deg.friedbrains.it\/de\/#\/schema\/logo\/image\/","url":"https:\/\/deg.friedbrains.it\/wp-content\/uploads\/2025\/06\/deg-logo.svg","contentUrl":"https:\/\/deg.friedbrains.it\/wp-content\/uploads\/2025\/06\/deg-logo.svg","width":1885,"height":712,"caption":"DeG GROUP S.r.l."},"image":{"@id":"https:\/\/deg.friedbrains.it\/de\/#\/schema\/logo\/image\/"}}]}},"_links":{"self":[{"href":"https:\/\/deg.friedbrains.it\/de\/wp-json\/wp\/v2\/pages\/24301","targetHints":{"allow":["GET"]}}],"collection":[{"href":"https:\/\/deg.friedbrains.it\/de\/wp-json\/wp\/v2\/pages"}],"about":[{"href":"https:\/\/deg.friedbrains.it\/de\/wp-json\/wp\/v2\/types\/page"}],"author":[{"embeddable":true,"href":"https:\/\/deg.friedbrains.it\/de\/wp-json\/wp\/v2\/users\/1"}],"replies":[{"embeddable":true,"href":"https:\/\/deg.friedbrains.it\/de\/wp-json\/wp\/v2\/comments?post=24301"}],"version-history":[{"count":11,"href":"https:\/\/deg.friedbrains.it\/de\/wp-json\/wp\/v2\/pages\/24301\/revisions"}],"predecessor-version":[{"id":25951,"href":"https:\/\/deg.friedbrains.it\/de\/wp-json\/wp\/v2\/pages\/24301\/revisions\/25951"}],"wp:attachment":[{"href":"https:\/\/deg.friedbrains.it\/de\/wp-json\/wp\/v2\/media?parent=24301"}],"curies":[{"name":"wp","href":"https:\/\/api.w.org\/{rel}","templated":true}]}}