{"id":24287,"date":"2026-01-15T11:36:24","date_gmt":"2026-01-15T10:36:24","guid":{"rendered":"https:\/\/deg.friedbrains.it\/ingegneria-e-progettazione\/"},"modified":"2026-03-26T10:06:56","modified_gmt":"2026-03-26T09:06:56","slug":"technik-und-planung","status":"publish","type":"page","link":"https:\/\/deg.friedbrains.it\/de\/technik-und-planung\/","title":{"rendered":"Technik und Planung"},"content":{"rendered":"\t\t<div data-elementor-type=\"wp-page\" data-elementor-id=\"24287\" class=\"elementor elementor-24287 elementor-23354\">\n\t\t\t\t\t\t<section class=\"elementor-section elementor-top-section elementor-element elementor-element-3761ee6 elementor-section-boxed elementor-section-height-default elementor-section-height-default\" data-id=\"3761ee6\" data-element_type=\"section\" data-e-type=\"section\">\n\t\t\t\t\t\t<div class=\"elementor-container elementor-column-gap-default\">\n\t\t\t\t\t<div class=\"elementor-column elementor-col-100 elementor-top-column elementor-element elementor-element-4245c4c\" data-id=\"4245c4c\" data-element_type=\"column\" data-e-type=\"column\">\n\t\t\t<div class=\"elementor-widget-wrap elementor-element-populated\">\n\t\t\t\t\t\t<section class=\"elementor-section elementor-inner-section elementor-element elementor-element-3dc7e09 elementor-section-content-bottom elementor-section-boxed elementor-section-height-default elementor-section-height-default\" data-id=\"3dc7e09\" data-element_type=\"section\" data-e-type=\"section\">\n\t\t\t\t\t\t<div class=\"elementor-container elementor-column-gap-default\">\n\t\t\t\t\t<div class=\"elementor-column elementor-col-100 elementor-inner-column elementor-element elementor-element-8db355e\" data-id=\"8db355e\" data-element_type=\"column\" data-e-type=\"column\">\n\t\t\t<div class=\"elementor-widget-wrap elementor-element-populated\">\n\t\t\t\t\t\t<div class=\"elementor-element elementor-element-ac73e23 elementor-invisible elementor-widget elementor-widget-neuros_heading\" data-id=\"ac73e23\" data-element_type=\"widget\" data-e-type=\"widget\" data-settings=\"{&quot;_animation_delay&quot;:300,&quot;_animation&quot;:&quot;neuros_heading_animation&quot;}\" data-widget_type=\"neuros_heading.default\">\n\t\t\t\t<div class=\"elementor-widget-container\">\n\t\t\t\t\t<div class=\"neuros-heading-widget\"><h2 class=\"neuros-heading\"><span class=\"neuros-heading-content has_gradient_color_text\"><strong>Wir entwickeln ma\u00dfgeschneiderte Projekte<\/strong> und sind branchen\u00fcbergreifend in verschiedenen Sektoren und Produktionsbereichen t\u00e4tig.<\/span><\/h2><\/div>\t\t\t\t<\/div>\n\t\t\t\t<\/div>\n\t\t\t\t<div class=\"elementor-element elementor-element-a9528ec elementor-widget__width-initial elementor-widget-laptop__width-initial elementor-widget elementor-widget-text-editor\" data-id=\"a9528ec\" data-element_type=\"widget\" data-e-type=\"widget\" data-widget_type=\"text-editor.default\">\n\t\t\t\t<div class=\"elementor-widget-container\">\n\t\t\t\t\t\t\t\t\t<p>Dank unserer langj\u00e4hrigen technischen Erfahrung realisieren wir ma\u00dfgeschneiderte L\u00f6sungen f\u00fcr komplexe Anwendungen und arbeiten mit derselben Kompetenz an Schaltschr\u00e4nken, Energiemanagementsystemen und Anlagen f\u00fcr Produktionsmaschinen.<\/p>\n<p>Jedes Projekt wird intern mit fortschrittlicher Software verwaltet, was eine hohe Leistungsf\u00e4higkeit und kontinuierliche Unterst\u00fctzung in allen Realisierungsphasen gew\u00e4hrleistet.<\/p>\n<p>Jede unserer Lieferungen wird von einer vollst\u00e4ndigen technischen Dokumentation begleitet: Schaltpl\u00e4ne, \u00dcberhitzungsberechnungen, Konformit\u00e4tserkl\u00e4rung und Pr\u00fcfprotokolle gem\u00e4\u00df den geltenden Vorschriften.<\/p>\n<p>Alle Dokumente werden in unserer strukturierten Datenbank archiviert, was dem Kunden vollst\u00e4ndige R\u00fcckverfolgbarkeit und einen einfachen Zugriff f\u00fcr jeden zuk\u00fcnftigen Wartungs- oder Servicebedarf gew\u00e4hrleistet.<\/p>\t\t\t\t\t\t\t\t<\/div>\n\t\t\t\t<\/div>\n\t\t\t\t\t<\/div>\n\t\t<\/div>\n\t\t\t\t\t<\/div>\n\t\t<\/section>\n\t\t\t\t\t<\/div>\n\t\t<\/div>\n\t\t\t\t\t<\/div>\n\t\t<\/section>\n\t\t\t\t<section class=\"elementor-section elementor-top-section elementor-element elementor-element-3b613f9 elementor-section-full_width elementor-section-stretched elementor-section-height-default elementor-section-height-default\" data-id=\"3b613f9\" data-element_type=\"section\" data-e-type=\"section\" data-settings=\"{&quot;stretch_section&quot;:&quot;section-stretched&quot;}\">\n\t\t\t\t\t\t<div class=\"elementor-container elementor-column-gap-no\">\n\t\t\t\t\t<div class=\"elementor-column elementor-col-100 elementor-top-column elementor-element elementor-element-91d40db\" data-id=\"91d40db\" data-element_type=\"column\" data-e-type=\"column\">\n\t\t\t<div class=\"elementor-widget-wrap elementor-element-populated\">\n\t\t\t\t\t\t<section class=\"elementor-section elementor-inner-section elementor-element elementor-element-2885c10 elementor-section-boxed elementor-section-height-default elementor-section-height-default\" data-id=\"2885c10\" data-element_type=\"section\" data-e-type=\"section\" data-settings=\"{&quot;background_background&quot;:&quot;classic&quot;}\">\n\t\t\t\t\t\t<div class=\"elementor-container elementor-column-gap-default\">\n\t\t\t\t\t<div class=\"elementor-column elementor-col-50 elementor-inner-column elementor-element elementor-element-a6135a3\" data-id=\"a6135a3\" data-element_type=\"column\" data-e-type=\"column\">\n\t\t\t<div class=\"elementor-widget-wrap elementor-element-populated\">\n\t\t\t\t\t\t<div class=\"elementor-element elementor-element-39a04d6 elementor-invisible elementor-widget elementor-widget-neuros_heading\" data-id=\"39a04d6\" data-element_type=\"widget\" data-e-type=\"widget\" data-settings=\"{&quot;_animation&quot;:&quot;neuros_heading_animation&quot;,&quot;_animation_delay&quot;:300}\" data-widget_type=\"neuros_heading.default\">\n\t\t\t\t<div class=\"elementor-widget-container\">\n\t\t\t\t\t<div class=\"neuros-heading-widget\"><h2 class=\"neuros-heading\"><span class=\"neuros-heading-content has_gradient_color_text\">Kontakt<\/span><\/h2><\/div>\t\t\t\t<\/div>\n\t\t\t\t<\/div>\n\t\t\t\t\t<\/div>\n\t\t<\/div>\n\t\t\t\t<div class=\"elementor-column elementor-col-50 elementor-inner-column elementor-element elementor-element-6272abf\" data-id=\"6272abf\" data-element_type=\"column\" data-e-type=\"column\">\n\t\t\t<div class=\"elementor-widget-wrap elementor-element-populated\">\n\t\t\t\t\t\t<div class=\"elementor-element elementor-element-f1fca55 neuros-button-type-simple neuros-button-border-style-solid neuros-button-bakground-style-solid elementor-widget elementor-widget-neuros_button\" data-id=\"f1fca55\" data-element_type=\"widget\" data-e-type=\"widget\" data-widget_type=\"neuros_button.default\">\n\t\t\t\t<div class=\"elementor-widget-container\">\n\t\t\t\t\t\n        <div class=\"button-widget\">\n            <div class=\"button-container\">\n                                <a class=\"neuros-button\" href=\"https:\/\/deg.friedbrains.it\/de\/kontakt\/\" href=\"https:\/\/deg.friedbrains.it\/de\/kontakt\/\">MEHR ERFAHREN                        <span class=\"icon-button-arrow left\"><\/span><span class=\"icon-button-arrow right\"><\/span>                    \n                    <span class=\"button-inner\"><\/span>\n                <\/a>\n                            <\/div>\n        <\/div>\n        \t\t\t\t<\/div>\n\t\t\t\t<\/div>\n\t\t\t\t\t<\/div>\n\t\t<\/div>\n\t\t\t\t\t<\/div>\n\t\t<\/section>\n\t\t\t\t\t<\/div>\n\t\t<\/div>\n\t\t\t\t\t<\/div>\n\t\t<\/section>\n\t\t\t\t<\/div>\n\t\t","protected":false},"excerpt":{"rendered":"<p>Dank unserer langj\u00e4hrigen technischen Erfahrung realisieren wir ma\u00dfgeschneiderte L\u00f6sungen f\u00fcr komplexe Anwendungen und arbeiten mit derselben Kompetenz an Schaltschr\u00e4nken, Energiemanagementsystemen und Anlagen f\u00fcr Produktionsmaschinen. Jedes Projekt wird intern mit fortschrittlicher Software verwaltet, was eine hohe Leistungsf\u00e4higkeit und kontinuierliche Unterst\u00fctzung in allen&#8230;<\/p>\n","protected":false},"author":2,"featured_media":24288,"parent":0,"menu_order":0,"comment_status":"closed","ping_status":"closed","template":"","meta":{"_acf_changed":false,"inline_featured_image":false,"footnotes":""},"class_list":["post-24287","page","type-page","status-publish","has-post-thumbnail","hentry"],"acf":[],"yoast_head":"<!-- This site is optimized with the Yoast SEO plugin v27.2 - https:\/\/yoast.com\/product\/yoast-seo-wordpress\/ -->\n<title>Technik und Planung - DeG Group<\/title>\n<meta name=\"robots\" content=\"noindex, follow, max-snippet:-1, max-image-preview:large, max-video-preview:-1\" \/>\n<meta property=\"og:locale\" content=\"de_DE\" \/>\n<meta property=\"og:type\" content=\"article\" \/>\n<meta property=\"og:title\" content=\"Technik und Planung - DeG Group\" \/>\n<meta property=\"og:description\" content=\"Dank unserer langj\u00e4hrigen technischen Erfahrung realisieren wir ma\u00dfgeschneiderte L\u00f6sungen f\u00fcr komplexe Anwendungen und arbeiten mit derselben Kompetenz an Schaltschr\u00e4nken, Energiemanagementsystemen und Anlagen f\u00fcr Produktionsmaschinen. Jedes Projekt wird intern mit fortschrittlicher Software verwaltet, was eine hohe Leistungsf\u00e4higkeit und kontinuierliche Unterst\u00fctzung in allen...\" \/>\n<meta property=\"og:url\" content=\"https:\/\/deg.friedbrains.it\/de\/technik-und-planung\/\" \/>\n<meta property=\"og:site_name\" content=\"DeG Group\" \/>\n<meta property=\"article:modified_time\" content=\"2026-03-26T09:06:56+00:00\" \/>\n<meta property=\"og:image\" content=\"https:\/\/deg.friedbrains.it\/wp-content\/uploads\/2026\/01\/banner-immagini-progettazione.jpg\" \/>\n\t<meta property=\"og:image:width\" content=\"1500\" \/>\n\t<meta property=\"og:image:height\" content=\"1077\" \/>\n\t<meta property=\"og:image:type\" content=\"image\/jpeg\" \/>\n<meta name=\"twitter:card\" content=\"summary_large_image\" \/>\n<meta name=\"twitter:label1\" content=\"Gesch\u00e4tzte Lesezeit\" \/>\n\t<meta name=\"twitter:data1\" content=\"1\u00a0Minute\" \/>\n<script type=\"application\/ld+json\" class=\"yoast-schema-graph\">{\"@context\":\"https:\/\/schema.org\",\"@graph\":[{\"@type\":\"WebPage\",\"@id\":\"https:\/\/deg.friedbrains.it\/de\/technik-und-planung\/\",\"url\":\"https:\/\/deg.friedbrains.it\/de\/technik-und-planung\/\",\"name\":\"Technik und Planung - DeG Group\",\"isPartOf\":{\"@id\":\"https:\/\/deg.friedbrains.it\/de\/#website\"},\"primaryImageOfPage\":{\"@id\":\"https:\/\/deg.friedbrains.it\/de\/technik-und-planung\/#primaryimage\"},\"image\":{\"@id\":\"https:\/\/deg.friedbrains.it\/de\/technik-und-planung\/#primaryimage\"},\"thumbnailUrl\":\"https:\/\/deg.friedbrains.it\/wp-content\/uploads\/2026\/01\/banner-immagini-progettazione.jpg\",\"datePublished\":\"2026-01-15T10:36:24+00:00\",\"dateModified\":\"2026-03-26T09:06:56+00:00\",\"breadcrumb\":{\"@id\":\"https:\/\/deg.friedbrains.it\/de\/technik-und-planung\/#breadcrumb\"},\"inLanguage\":\"de\",\"potentialAction\":[{\"@type\":\"ReadAction\",\"target\":[\"https:\/\/deg.friedbrains.it\/de\/technik-und-planung\/\"]}]},{\"@type\":\"ImageObject\",\"inLanguage\":\"de\",\"@id\":\"https:\/\/deg.friedbrains.it\/de\/technik-und-planung\/#primaryimage\",\"url\":\"https:\/\/deg.friedbrains.it\/wp-content\/uploads\/2026\/01\/banner-immagini-progettazione.jpg\",\"contentUrl\":\"https:\/\/deg.friedbrains.it\/wp-content\/uploads\/2026\/01\/banner-immagini-progettazione.jpg\",\"width\":1500,\"height\":1077},{\"@type\":\"BreadcrumbList\",\"@id\":\"https:\/\/deg.friedbrains.it\/de\/technik-und-planung\/#breadcrumb\",\"itemListElement\":[{\"@type\":\"ListItem\",\"position\":1,\"name\":\"Home\",\"item\":\"https:\/\/deg.friedbrains.it\/de\/\"},{\"@type\":\"ListItem\",\"position\":2,\"name\":\"Technik und Planung\"}]},{\"@type\":\"WebSite\",\"@id\":\"https:\/\/deg.friedbrains.it\/de\/#website\",\"url\":\"https:\/\/deg.friedbrains.it\/de\/\",\"name\":\"DeG GROUP S.r.l.\",\"description\":\"\",\"publisher\":{\"@id\":\"https:\/\/deg.friedbrains.it\/de\/#organization\"},\"potentialAction\":[{\"@type\":\"SearchAction\",\"target\":{\"@type\":\"EntryPoint\",\"urlTemplate\":\"https:\/\/deg.friedbrains.it\/de\/?s={search_term_string}\"},\"query-input\":{\"@type\":\"PropertyValueSpecification\",\"valueRequired\":true,\"valueName\":\"search_term_string\"}}],\"inLanguage\":\"de\"},{\"@type\":\"Organization\",\"@id\":\"https:\/\/deg.friedbrains.it\/de\/#organization\",\"name\":\"DeG GROUP S.r.l.\",\"url\":\"https:\/\/deg.friedbrains.it\/de\/\",\"logo\":{\"@type\":\"ImageObject\",\"inLanguage\":\"de\",\"@id\":\"https:\/\/deg.friedbrains.it\/de\/#\/schema\/logo\/image\/\",\"url\":\"https:\/\/deg.friedbrains.it\/wp-content\/uploads\/2025\/06\/deg-logo.svg\",\"contentUrl\":\"https:\/\/deg.friedbrains.it\/wp-content\/uploads\/2025\/06\/deg-logo.svg\",\"width\":1885,\"height\":712,\"caption\":\"DeG GROUP S.r.l.\"},\"image\":{\"@id\":\"https:\/\/deg.friedbrains.it\/de\/#\/schema\/logo\/image\/\"}}]}<\/script>\n<!-- \/ Yoast SEO plugin. -->","yoast_head_json":{"title":"Technik und Planung - DeG Group","robots":{"index":"noindex","follow":"follow","max-snippet":"max-snippet:-1","max-image-preview":"max-image-preview:large","max-video-preview":"max-video-preview:-1"},"og_locale":"de_DE","og_type":"article","og_title":"Technik und Planung - DeG Group","og_description":"Dank unserer langj\u00e4hrigen technischen Erfahrung realisieren wir ma\u00dfgeschneiderte L\u00f6sungen f\u00fcr komplexe Anwendungen und arbeiten mit derselben Kompetenz an Schaltschr\u00e4nken, Energiemanagementsystemen und Anlagen f\u00fcr Produktionsmaschinen. Jedes Projekt wird intern mit fortschrittlicher Software verwaltet, was eine hohe Leistungsf\u00e4higkeit und kontinuierliche Unterst\u00fctzung in allen...","og_url":"https:\/\/deg.friedbrains.it\/de\/technik-und-planung\/","og_site_name":"DeG Group","article_modified_time":"2026-03-26T09:06:56+00:00","og_image":[{"width":1500,"height":1077,"url":"https:\/\/deg.friedbrains.it\/wp-content\/uploads\/2026\/01\/banner-immagini-progettazione.jpg","type":"image\/jpeg"}],"twitter_card":"summary_large_image","twitter_misc":{"Gesch\u00e4tzte Lesezeit":"1\u00a0Minute"},"schema":{"@context":"https:\/\/schema.org","@graph":[{"@type":"WebPage","@id":"https:\/\/deg.friedbrains.it\/de\/technik-und-planung\/","url":"https:\/\/deg.friedbrains.it\/de\/technik-und-planung\/","name":"Technik und Planung - DeG Group","isPartOf":{"@id":"https:\/\/deg.friedbrains.it\/de\/#website"},"primaryImageOfPage":{"@id":"https:\/\/deg.friedbrains.it\/de\/technik-und-planung\/#primaryimage"},"image":{"@id":"https:\/\/deg.friedbrains.it\/de\/technik-und-planung\/#primaryimage"},"thumbnailUrl":"https:\/\/deg.friedbrains.it\/wp-content\/uploads\/2026\/01\/banner-immagini-progettazione.jpg","datePublished":"2026-01-15T10:36:24+00:00","dateModified":"2026-03-26T09:06:56+00:00","breadcrumb":{"@id":"https:\/\/deg.friedbrains.it\/de\/technik-und-planung\/#breadcrumb"},"inLanguage":"de","potentialAction":[{"@type":"ReadAction","target":["https:\/\/deg.friedbrains.it\/de\/technik-und-planung\/"]}]},{"@type":"ImageObject","inLanguage":"de","@id":"https:\/\/deg.friedbrains.it\/de\/technik-und-planung\/#primaryimage","url":"https:\/\/deg.friedbrains.it\/wp-content\/uploads\/2026\/01\/banner-immagini-progettazione.jpg","contentUrl":"https:\/\/deg.friedbrains.it\/wp-content\/uploads\/2026\/01\/banner-immagini-progettazione.jpg","width":1500,"height":1077},{"@type":"BreadcrumbList","@id":"https:\/\/deg.friedbrains.it\/de\/technik-und-planung\/#breadcrumb","itemListElement":[{"@type":"ListItem","position":1,"name":"Home","item":"https:\/\/deg.friedbrains.it\/de\/"},{"@type":"ListItem","position":2,"name":"Technik und Planung"}]},{"@type":"WebSite","@id":"https:\/\/deg.friedbrains.it\/de\/#website","url":"https:\/\/deg.friedbrains.it\/de\/","name":"DeG GROUP S.r.l.","description":"","publisher":{"@id":"https:\/\/deg.friedbrains.it\/de\/#organization"},"potentialAction":[{"@type":"SearchAction","target":{"@type":"EntryPoint","urlTemplate":"https:\/\/deg.friedbrains.it\/de\/?s={search_term_string}"},"query-input":{"@type":"PropertyValueSpecification","valueRequired":true,"valueName":"search_term_string"}}],"inLanguage":"de"},{"@type":"Organization","@id":"https:\/\/deg.friedbrains.it\/de\/#organization","name":"DeG GROUP S.r.l.","url":"https:\/\/deg.friedbrains.it\/de\/","logo":{"@type":"ImageObject","inLanguage":"de","@id":"https:\/\/deg.friedbrains.it\/de\/#\/schema\/logo\/image\/","url":"https:\/\/deg.friedbrains.it\/wp-content\/uploads\/2025\/06\/deg-logo.svg","contentUrl":"https:\/\/deg.friedbrains.it\/wp-content\/uploads\/2025\/06\/deg-logo.svg","width":1885,"height":712,"caption":"DeG GROUP S.r.l."},"image":{"@id":"https:\/\/deg.friedbrains.it\/de\/#\/schema\/logo\/image\/"}}]}},"_links":{"self":[{"href":"https:\/\/deg.friedbrains.it\/de\/wp-json\/wp\/v2\/pages\/24287","targetHints":{"allow":["GET"]}}],"collection":[{"href":"https:\/\/deg.friedbrains.it\/de\/wp-json\/wp\/v2\/pages"}],"about":[{"href":"https:\/\/deg.friedbrains.it\/de\/wp-json\/wp\/v2\/types\/page"}],"author":[{"embeddable":true,"href":"https:\/\/deg.friedbrains.it\/de\/wp-json\/wp\/v2\/users\/2"}],"replies":[{"embeddable":true,"href":"https:\/\/deg.friedbrains.it\/de\/wp-json\/wp\/v2\/comments?post=24287"}],"version-history":[{"count":12,"href":"https:\/\/deg.friedbrains.it\/de\/wp-json\/wp\/v2\/pages\/24287\/revisions"}],"predecessor-version":[{"id":25863,"href":"https:\/\/deg.friedbrains.it\/de\/wp-json\/wp\/v2\/pages\/24287\/revisions\/25863"}],"wp:featuredmedia":[{"embeddable":true,"href":"https:\/\/deg.friedbrains.it\/de\/wp-json\/wp\/v2\/media\/24288"}],"wp:attachment":[{"href":"https:\/\/deg.friedbrains.it\/de\/wp-json\/wp\/v2\/media?parent=24287"}],"curies":[{"name":"wp","href":"https:\/\/api.w.org\/{rel}","templated":true}]}}