{"id":24264,"date":"2026-01-15T15:34:33","date_gmt":"2026-01-15T14:34:33","guid":{"rendered":"https:\/\/deg.friedbrains.it\/eplan\/"},"modified":"2026-03-26T10:34:59","modified_gmt":"2026-03-26T09:34:59","slug":"eplan","status":"publish","type":"page","link":"https:\/\/deg.friedbrains.it\/de\/eplan\/","title":{"rendered":"Eplan"},"content":{"rendered":"\t\t<div data-elementor-type=\"wp-page\" data-elementor-id=\"24264\" class=\"elementor elementor-24264 elementor-23415\">\n\t\t\t\t\t\t<section class=\"elementor-section elementor-top-section elementor-element elementor-element-3761ee6 elementor-section-boxed elementor-section-height-default elementor-section-height-default\" data-id=\"3761ee6\" data-element_type=\"section\" data-e-type=\"section\">\n\t\t\t\t\t\t<div class=\"elementor-container elementor-column-gap-default\">\n\t\t\t\t\t<div class=\"elementor-column elementor-col-100 elementor-top-column elementor-element elementor-element-4245c4c\" data-id=\"4245c4c\" data-element_type=\"column\" data-e-type=\"column\">\n\t\t\t<div class=\"elementor-widget-wrap elementor-element-populated\">\n\t\t\t\t\t\t<section class=\"elementor-section elementor-inner-section elementor-element elementor-element-3dc7e09 elementor-section-content-bottom elementor-section-boxed elementor-section-height-default elementor-section-height-default\" data-id=\"3dc7e09\" data-element_type=\"section\" data-e-type=\"section\">\n\t\t\t\t\t\t<div class=\"elementor-container elementor-column-gap-default\">\n\t\t\t\t\t<div class=\"elementor-column elementor-col-100 elementor-inner-column elementor-element elementor-element-8db355e\" data-id=\"8db355e\" data-element_type=\"column\" data-e-type=\"column\">\n\t\t\t<div class=\"elementor-widget-wrap elementor-element-populated\">\n\t\t\t\t\t\t<div class=\"elementor-element elementor-element-8768dd7 elementor-widget elementor-widget-image\" data-id=\"8768dd7\" data-element_type=\"widget\" data-e-type=\"widget\" data-widget_type=\"image.default\">\n\t\t\t\t<div class=\"elementor-widget-container\">\n\t\t\t\t\t\t\t\t\t\t\t\t\t\t\t<img decoding=\"async\" src=\"https:\/\/deg.friedbrains.it\/wp-content\/uploads\/2026\/01\/logo-eplan.png\" title=\"logo-eplan\" alt=\"logo-eplan\" loading=\"lazy\" \/>\t\t\t\t\t\t\t\t\t\t\t\t\t\t\t<\/div>\n\t\t\t\t<\/div>\n\t\t\t\t<div class=\"elementor-element elementor-element-ac73e23 elementor-invisible elementor-widget elementor-widget-neuros_heading\" data-id=\"ac73e23\" data-element_type=\"widget\" data-e-type=\"widget\" data-settings=\"{&quot;_animation_delay&quot;:300,&quot;_animation&quot;:&quot;neuros_heading_animation&quot;}\" data-widget_type=\"neuros_heading.default\">\n\t\t\t\t<div class=\"elementor-widget-container\">\n\t\t\t\t\t<div class=\"neuros-heading-widget\"><h2 class=\"neuros-heading\"><span class=\"neuros-heading-content has_gradient_color_text\">Die DeG Group ist nun EPLAN CERTIFIED ENGINEER, der Software f\u00fcr die Elektrotechnik, die den gesamten Planungsprozess f\u00fcr Schaltschr\u00e4nke und Industrieanlagen unterst\u00fctzt.<\/span><\/h2><\/div>\t\t\t\t<\/div>\n\t\t\t\t<\/div>\n\t\t\t\t<div class=\"elementor-element elementor-element-a9528ec elementor-widget__width-initial elementor-widget elementor-widget-text-editor\" data-id=\"a9528ec\" data-element_type=\"widget\" data-e-type=\"widget\" data-widget_type=\"text-editor.default\">\n\t\t\t\t<div class=\"elementor-widget-container\">\n\t\t\t\t\t\t\t\t\t<p>Durch den Einsatz der EPLAN-Plattform bieten wir modernste Engineering-L\u00f6sungen, die verschiedene Disziplinen in einem einzigen digitalen und integrierten Arbeitsablauf vereinen. Wir beschr\u00e4nken uns nicht darauf, Schaltpl\u00e4ne zu zeichnen, sondern bauen das gesamte elektrische \u00d6kosystem Ihrer Automatisierung auf, beginnend mit der Erstellung pr\u00e4ziser und normgerechter ein- und mehrstr\u00e4ngiger Schaltpl\u00e4ne.<\/p><p>Unser Mehrwert liegt in der F\u00e4higkeit, die Theorie durch die 3D-Planung von Schaltschr\u00e4nken und Energiesystemen in virtuelle Realit\u00e4t umzusetzen. Wir erstellen ein pr\u00e4zises dreidimensionales Modell des Schaltschranks, optimieren den Platzbedarf, verwalten die Energieverteilung und \u00fcberpr\u00fcfen alle Abmessungen vor der Montagephase. Parallel dazu entwerfen wir dank EPLAN Cable proD die Verkabelung der Maschinen in 3D und definieren Verl\u00e4ufe, Kabelb\u00fcndel und Kabelkan\u00e4le direkt am mechanischen Modell, um millimetergenaue L\u00e4ngen und null Unvorhergesehenes bei der Installation zu gew\u00e4hrleisten.<\/p><p>Das Ergebnis unserer Arbeit ist ein vollst\u00e4ndiger Digital Twin Ihrer Anlage. Dieses Modell erm\u00f6glicht es uns, Ihnen Folgendes zu bieten:<\/p><ul><li>Detaillierte und automatische Auswertungen: stets aktuelle St\u00fccklisten (BOM), Aderlisten und Klemmentabellen.<\/li><li>Fertigungsgenauigkeit: Daten, die f\u00fcr das automatisierte Stanzen der Schalttafeln und die Vorverdrahtung der Kabel bereit sind.<\/li><li>Langfristige Effizienz: eine technische Dokumentation, die der physischen Maschine entspricht und zuk\u00fcnftige Wartungs- und Diagnosearbeiten drastisch vereinfacht.<\/li><\/ul><p>Wenn Sie sich f\u00fcr unsere Dienstleistungen entscheiden, w\u00e4hlen Sie eine auf Industrie 4.0 ausgerichtete Technik, bei der die Datenqualit\u00e4t eine schnelle Ausf\u00fchrung und die Vermeidung von Kosten aufgrund von Konstruktionsfehlern garantiert.<\/p>\t\t\t\t\t\t\t\t<\/div>\n\t\t\t\t<\/div>\n\t\t\t\t<div class=\"elementor-element elementor-element-57a8626 elementor-widget elementor-widget-image\" data-id=\"57a8626\" data-element_type=\"widget\" data-e-type=\"widget\" data-widget_type=\"image.default\">\n\t\t\t\t<div class=\"elementor-widget-container\">\n\t\t\t\t\t\t\t\t\t\t\t\t\t\t\t<img fetchpriority=\"high\" decoding=\"async\" width=\"1555\" height=\"501\" src=\"https:\/\/deg.friedbrains.it\/wp-content\/uploads\/2026\/03\/e-plan-carosello-1.jpg\" class=\"attachment-full size-full wp-image-24273\" alt=\"\" srcset=\"https:\/\/deg.friedbrains.it\/wp-content\/uploads\/2026\/03\/e-plan-carosello-1.jpg 1555w, https:\/\/deg.friedbrains.it\/wp-content\/uploads\/2026\/03\/e-plan-carosello-1-300x97.jpg 300w, https:\/\/deg.friedbrains.it\/wp-content\/uploads\/2026\/03\/e-plan-carosello-1-1024x330.jpg 1024w, https:\/\/deg.friedbrains.it\/wp-content\/uploads\/2026\/03\/e-plan-carosello-1-768x247.jpg 768w\" sizes=\"(max-width: 1555px) 100vw, 1555px\" \/>\t\t\t\t\t\t\t\t\t\t\t\t\t\t\t<\/div>\n\t\t\t\t<\/div>\n\t\t\t\t\t<\/div>\n\t\t<\/div>\n\t\t\t\t\t<\/div>\n\t\t<\/section>\n\t\t\t\t\t<\/div>\n\t\t<\/div>\n\t\t\t\t\t<\/div>\n\t\t<\/section>\n\t\t\t\t<section class=\"elementor-section elementor-top-section elementor-element elementor-element-3b613f9 elementor-section-full_width elementor-section-stretched elementor-section-height-default elementor-section-height-default\" data-id=\"3b613f9\" data-element_type=\"section\" data-e-type=\"section\" data-settings=\"{&quot;stretch_section&quot;:&quot;section-stretched&quot;}\">\n\t\t\t\t\t\t<div class=\"elementor-container elementor-column-gap-no\">\n\t\t\t\t\t<div class=\"elementor-column elementor-col-100 elementor-top-column elementor-element elementor-element-91d40db\" data-id=\"91d40db\" data-element_type=\"column\" data-e-type=\"column\">\n\t\t\t<div class=\"elementor-widget-wrap elementor-element-populated\">\n\t\t\t\t\t\t<section class=\"elementor-section elementor-inner-section elementor-element elementor-element-2885c10 elementor-section-boxed elementor-section-height-default elementor-section-height-default\" data-id=\"2885c10\" data-element_type=\"section\" data-e-type=\"section\" data-settings=\"{&quot;background_background&quot;:&quot;classic&quot;}\">\n\t\t\t\t\t\t<div class=\"elementor-container elementor-column-gap-default\">\n\t\t\t\t\t<div class=\"elementor-column elementor-col-50 elementor-inner-column elementor-element elementor-element-a6135a3\" data-id=\"a6135a3\" data-element_type=\"column\" data-e-type=\"column\">\n\t\t\t<div class=\"elementor-widget-wrap elementor-element-populated\">\n\t\t\t\t\t\t<div class=\"elementor-element elementor-element-39a04d6 elementor-invisible elementor-widget elementor-widget-neuros_heading\" data-id=\"39a04d6\" data-element_type=\"widget\" data-e-type=\"widget\" data-settings=\"{&quot;_animation&quot;:&quot;neuros_heading_animation&quot;,&quot;_animation_delay&quot;:300}\" data-widget_type=\"neuros_heading.default\">\n\t\t\t\t<div class=\"elementor-widget-container\">\n\t\t\t\t\t<div class=\"neuros-heading-widget\"><h2 class=\"neuros-heading\"><span class=\"neuros-heading-content has_gradient_color_text\">Kontakt<\/span><\/h2><\/div>\t\t\t\t<\/div>\n\t\t\t\t<\/div>\n\t\t\t\t\t<\/div>\n\t\t<\/div>\n\t\t\t\t<div class=\"elementor-column elementor-col-50 elementor-inner-column elementor-element elementor-element-6272abf\" data-id=\"6272abf\" data-element_type=\"column\" data-e-type=\"column\">\n\t\t\t<div class=\"elementor-widget-wrap elementor-element-populated\">\n\t\t\t\t\t\t<div class=\"elementor-element elementor-element-f1fca55 neuros-button-type-simple neuros-button-border-style-solid neuros-button-bakground-style-solid elementor-widget elementor-widget-neuros_button\" data-id=\"f1fca55\" data-element_type=\"widget\" data-e-type=\"widget\" data-widget_type=\"neuros_button.default\">\n\t\t\t\t<div class=\"elementor-widget-container\">\n\t\t\t\t\t\n        <div class=\"button-widget\">\n            <div class=\"button-container\">\n                                <a class=\"neuros-button\" href=\"https:\/\/deg.friedbrains.it\/de\/kontakt\/\" href=\"https:\/\/deg.friedbrains.it\/de\/kontakt\/\">MEHR ERFAHREN                        <span class=\"icon-button-arrow left\"><\/span><span class=\"icon-button-arrow right\"><\/span>                    \n                    <span class=\"button-inner\"><\/span>\n                <\/a>\n                            <\/div>\n        <\/div>\n        \t\t\t\t<\/div>\n\t\t\t\t<\/div>\n\t\t\t\t\t<\/div>\n\t\t<\/div>\n\t\t\t\t\t<\/div>\n\t\t<\/section>\n\t\t\t\t\t<\/div>\n\t\t<\/div>\n\t\t\t\t\t<\/div>\n\t\t<\/section>\n\t\t\t\t<\/div>\n\t\t","protected":false},"excerpt":{"rendered":"<p>Durch den Einsatz der EPLAN-Plattform bieten wir modernste Engineering-L\u00f6sungen, die verschiedene Disziplinen in einem einzigen digitalen und integrierten Arbeitsablauf vereinen. Wir beschr\u00e4nken uns nicht darauf, Schaltpl\u00e4ne zu zeichnen, sondern bauen das gesamte elektrische \u00d6kosystem Ihrer Automatisierung auf, beginnend mit der Erstellung&#8230;<\/p>\n","protected":false},"author":2,"featured_media":24266,"parent":0,"menu_order":0,"comment_status":"closed","ping_status":"closed","template":"","meta":{"_acf_changed":false,"inline_featured_image":false,"footnotes":""},"class_list":["post-24264","page","type-page","status-publish","has-post-thumbnail","hentry"],"acf":[],"yoast_head":"<!-- This site is optimized with the Yoast SEO plugin v27.2 - https:\/\/yoast.com\/product\/yoast-seo-wordpress\/ -->\n<title>Eplan - DeG Group<\/title>\n<meta name=\"robots\" content=\"noindex, follow, max-snippet:-1, max-image-preview:large, max-video-preview:-1\" \/>\n<meta property=\"og:locale\" content=\"de_DE\" \/>\n<meta property=\"og:type\" content=\"article\" \/>\n<meta property=\"og:title\" content=\"Eplan - DeG Group\" \/>\n<meta property=\"og:description\" content=\"Durch den Einsatz der EPLAN-Plattform bieten wir modernste Engineering-L\u00f6sungen, die verschiedene Disziplinen in einem einzigen digitalen und integrierten Arbeitsablauf vereinen. Wir beschr\u00e4nken uns nicht darauf, Schaltpl\u00e4ne zu zeichnen, sondern bauen das gesamte elektrische \u00d6kosystem Ihrer Automatisierung auf, beginnend mit der Erstellung...\" \/>\n<meta property=\"og:url\" content=\"https:\/\/deg.friedbrains.it\/de\/eplan\/\" \/>\n<meta property=\"og:site_name\" content=\"DeG Group\" \/>\n<meta property=\"article:modified_time\" content=\"2026-03-26T09:34:59+00:00\" \/>\n<meta property=\"og:image\" content=\"https:\/\/deg.friedbrains.it\/wp-content\/uploads\/2026\/01\/Eplan-scaled.jpg\" \/>\n\t<meta property=\"og:image:width\" content=\"2560\" \/>\n\t<meta property=\"og:image:height\" content=\"1463\" \/>\n\t<meta property=\"og:image:type\" content=\"image\/jpeg\" \/>\n<meta name=\"twitter:card\" content=\"summary_large_image\" \/>\n<meta name=\"twitter:label1\" content=\"Gesch\u00e4tzte Lesezeit\" \/>\n\t<meta name=\"twitter:data1\" content=\"2\u00a0Minuten\" \/>\n<script type=\"application\/ld+json\" class=\"yoast-schema-graph\">{\"@context\":\"https:\/\/schema.org\",\"@graph\":[{\"@type\":\"WebPage\",\"@id\":\"https:\/\/deg.friedbrains.it\/de\/eplan\/\",\"url\":\"https:\/\/deg.friedbrains.it\/de\/eplan\/\",\"name\":\"Eplan - DeG Group\",\"isPartOf\":{\"@id\":\"https:\/\/deg.friedbrains.it\/de\/#website\"},\"primaryImageOfPage\":{\"@id\":\"https:\/\/deg.friedbrains.it\/de\/eplan\/#primaryimage\"},\"image\":{\"@id\":\"https:\/\/deg.friedbrains.it\/de\/eplan\/#primaryimage\"},\"thumbnailUrl\":\"https:\/\/deg.friedbrains.it\/wp-content\/uploads\/2026\/01\/Eplan-scaled.jpg\",\"datePublished\":\"2026-01-15T14:34:33+00:00\",\"dateModified\":\"2026-03-26T09:34:59+00:00\",\"breadcrumb\":{\"@id\":\"https:\/\/deg.friedbrains.it\/de\/eplan\/#breadcrumb\"},\"inLanguage\":\"de\",\"potentialAction\":[{\"@type\":\"ReadAction\",\"target\":[\"https:\/\/deg.friedbrains.it\/de\/eplan\/\"]}]},{\"@type\":\"ImageObject\",\"inLanguage\":\"de\",\"@id\":\"https:\/\/deg.friedbrains.it\/de\/eplan\/#primaryimage\",\"url\":\"https:\/\/deg.friedbrains.it\/wp-content\/uploads\/2026\/01\/Eplan-scaled.jpg\",\"contentUrl\":\"https:\/\/deg.friedbrains.it\/wp-content\/uploads\/2026\/01\/Eplan-scaled.jpg\",\"width\":2560,\"height\":1463},{\"@type\":\"BreadcrumbList\",\"@id\":\"https:\/\/deg.friedbrains.it\/de\/eplan\/#breadcrumb\",\"itemListElement\":[{\"@type\":\"ListItem\",\"position\":1,\"name\":\"Home\",\"item\":\"https:\/\/deg.friedbrains.it\/de\/\"},{\"@type\":\"ListItem\",\"position\":2,\"name\":\"Eplan\"}]},{\"@type\":\"WebSite\",\"@id\":\"https:\/\/deg.friedbrains.it\/de\/#website\",\"url\":\"https:\/\/deg.friedbrains.it\/de\/\",\"name\":\"DeG GROUP S.r.l.\",\"description\":\"\",\"publisher\":{\"@id\":\"https:\/\/deg.friedbrains.it\/de\/#organization\"},\"potentialAction\":[{\"@type\":\"SearchAction\",\"target\":{\"@type\":\"EntryPoint\",\"urlTemplate\":\"https:\/\/deg.friedbrains.it\/de\/?s={search_term_string}\"},\"query-input\":{\"@type\":\"PropertyValueSpecification\",\"valueRequired\":true,\"valueName\":\"search_term_string\"}}],\"inLanguage\":\"de\"},{\"@type\":\"Organization\",\"@id\":\"https:\/\/deg.friedbrains.it\/de\/#organization\",\"name\":\"DeG GROUP S.r.l.\",\"url\":\"https:\/\/deg.friedbrains.it\/de\/\",\"logo\":{\"@type\":\"ImageObject\",\"inLanguage\":\"de\",\"@id\":\"https:\/\/deg.friedbrains.it\/de\/#\/schema\/logo\/image\/\",\"url\":\"https:\/\/deg.friedbrains.it\/wp-content\/uploads\/2025\/06\/deg-logo.svg\",\"contentUrl\":\"https:\/\/deg.friedbrains.it\/wp-content\/uploads\/2025\/06\/deg-logo.svg\",\"width\":1885,\"height\":712,\"caption\":\"DeG GROUP S.r.l.\"},\"image\":{\"@id\":\"https:\/\/deg.friedbrains.it\/de\/#\/schema\/logo\/image\/\"}}]}<\/script>\n<!-- \/ Yoast SEO plugin. -->","yoast_head_json":{"title":"Eplan - DeG Group","robots":{"index":"noindex","follow":"follow","max-snippet":"max-snippet:-1","max-image-preview":"max-image-preview:large","max-video-preview":"max-video-preview:-1"},"og_locale":"de_DE","og_type":"article","og_title":"Eplan - DeG Group","og_description":"Durch den Einsatz der EPLAN-Plattform bieten wir modernste Engineering-L\u00f6sungen, die verschiedene Disziplinen in einem einzigen digitalen und integrierten Arbeitsablauf vereinen. Wir beschr\u00e4nken uns nicht darauf, Schaltpl\u00e4ne zu zeichnen, sondern bauen das gesamte elektrische \u00d6kosystem Ihrer Automatisierung auf, beginnend mit der Erstellung...","og_url":"https:\/\/deg.friedbrains.it\/de\/eplan\/","og_site_name":"DeG Group","article_modified_time":"2026-03-26T09:34:59+00:00","og_image":[{"width":2560,"height":1463,"url":"https:\/\/deg.friedbrains.it\/wp-content\/uploads\/2026\/01\/Eplan-scaled.jpg","type":"image\/jpeg"}],"twitter_card":"summary_large_image","twitter_misc":{"Gesch\u00e4tzte Lesezeit":"2\u00a0Minuten"},"schema":{"@context":"https:\/\/schema.org","@graph":[{"@type":"WebPage","@id":"https:\/\/deg.friedbrains.it\/de\/eplan\/","url":"https:\/\/deg.friedbrains.it\/de\/eplan\/","name":"Eplan - DeG Group","isPartOf":{"@id":"https:\/\/deg.friedbrains.it\/de\/#website"},"primaryImageOfPage":{"@id":"https:\/\/deg.friedbrains.it\/de\/eplan\/#primaryimage"},"image":{"@id":"https:\/\/deg.friedbrains.it\/de\/eplan\/#primaryimage"},"thumbnailUrl":"https:\/\/deg.friedbrains.it\/wp-content\/uploads\/2026\/01\/Eplan-scaled.jpg","datePublished":"2026-01-15T14:34:33+00:00","dateModified":"2026-03-26T09:34:59+00:00","breadcrumb":{"@id":"https:\/\/deg.friedbrains.it\/de\/eplan\/#breadcrumb"},"inLanguage":"de","potentialAction":[{"@type":"ReadAction","target":["https:\/\/deg.friedbrains.it\/de\/eplan\/"]}]},{"@type":"ImageObject","inLanguage":"de","@id":"https:\/\/deg.friedbrains.it\/de\/eplan\/#primaryimage","url":"https:\/\/deg.friedbrains.it\/wp-content\/uploads\/2026\/01\/Eplan-scaled.jpg","contentUrl":"https:\/\/deg.friedbrains.it\/wp-content\/uploads\/2026\/01\/Eplan-scaled.jpg","width":2560,"height":1463},{"@type":"BreadcrumbList","@id":"https:\/\/deg.friedbrains.it\/de\/eplan\/#breadcrumb","itemListElement":[{"@type":"ListItem","position":1,"name":"Home","item":"https:\/\/deg.friedbrains.it\/de\/"},{"@type":"ListItem","position":2,"name":"Eplan"}]},{"@type":"WebSite","@id":"https:\/\/deg.friedbrains.it\/de\/#website","url":"https:\/\/deg.friedbrains.it\/de\/","name":"DeG GROUP S.r.l.","description":"","publisher":{"@id":"https:\/\/deg.friedbrains.it\/de\/#organization"},"potentialAction":[{"@type":"SearchAction","target":{"@type":"EntryPoint","urlTemplate":"https:\/\/deg.friedbrains.it\/de\/?s={search_term_string}"},"query-input":{"@type":"PropertyValueSpecification","valueRequired":true,"valueName":"search_term_string"}}],"inLanguage":"de"},{"@type":"Organization","@id":"https:\/\/deg.friedbrains.it\/de\/#organization","name":"DeG GROUP S.r.l.","url":"https:\/\/deg.friedbrains.it\/de\/","logo":{"@type":"ImageObject","inLanguage":"de","@id":"https:\/\/deg.friedbrains.it\/de\/#\/schema\/logo\/image\/","url":"https:\/\/deg.friedbrains.it\/wp-content\/uploads\/2025\/06\/deg-logo.svg","contentUrl":"https:\/\/deg.friedbrains.it\/wp-content\/uploads\/2025\/06\/deg-logo.svg","width":1885,"height":712,"caption":"DeG GROUP S.r.l."},"image":{"@id":"https:\/\/deg.friedbrains.it\/de\/#\/schema\/logo\/image\/"}}]}},"_links":{"self":[{"href":"https:\/\/deg.friedbrains.it\/de\/wp-json\/wp\/v2\/pages\/24264","targetHints":{"allow":["GET"]}}],"collection":[{"href":"https:\/\/deg.friedbrains.it\/de\/wp-json\/wp\/v2\/pages"}],"about":[{"href":"https:\/\/deg.friedbrains.it\/de\/wp-json\/wp\/v2\/types\/page"}],"author":[{"embeddable":true,"href":"https:\/\/deg.friedbrains.it\/de\/wp-json\/wp\/v2\/users\/2"}],"replies":[{"embeddable":true,"href":"https:\/\/deg.friedbrains.it\/de\/wp-json\/wp\/v2\/comments?post=24264"}],"version-history":[{"count":7,"href":"https:\/\/deg.friedbrains.it\/de\/wp-json\/wp\/v2\/pages\/24264\/revisions"}],"predecessor-version":[{"id":25911,"href":"https:\/\/deg.friedbrains.it\/de\/wp-json\/wp\/v2\/pages\/24264\/revisions\/25911"}],"wp:featuredmedia":[{"embeddable":true,"href":"https:\/\/deg.friedbrains.it\/de\/wp-json\/wp\/v2\/media\/24266"}],"wp:attachment":[{"href":"https:\/\/deg.friedbrains.it\/de\/wp-json\/wp\/v2\/media?parent=24264"}],"curies":[{"name":"wp","href":"https:\/\/api.w.org\/{rel}","templated":true}]}}