{"id":24248,"date":"2026-01-15T12:46:51","date_gmt":"2026-01-15T11:46:51","guid":{"rendered":"https:\/\/deg.friedbrains.it\/certificazioni\/"},"modified":"2026-03-26T10:30:18","modified_gmt":"2026-03-26T09:30:18","slug":"zertifizierungen","status":"publish","type":"page","link":"https:\/\/deg.friedbrains.it\/de\/zertifizierungen\/","title":{"rendered":"Zertifizierungen"},"content":{"rendered":"\t\t<div data-elementor-type=\"wp-page\" data-elementor-id=\"24248\" class=\"elementor elementor-24248 elementor-23397\">\n\t\t\t\t\t\t<section class=\"elementor-section elementor-top-section elementor-element elementor-element-d368929 elementor-section-boxed elementor-section-height-default elementor-section-height-default\" data-id=\"d368929\" data-element_type=\"section\" data-e-type=\"section\">\n\t\t\t\t\t\t<div class=\"elementor-container elementor-column-gap-wide\">\n\t\t\t\t\t<div class=\"elementor-column elementor-col-100 elementor-top-column elementor-element elementor-element-4a739e9\" data-id=\"4a739e9\" data-element_type=\"column\" data-e-type=\"column\">\n\t\t\t<div class=\"elementor-widget-wrap elementor-element-populated\">\n\t\t\t\t\t\t<div class=\"elementor-element elementor-element-9eb4778 elementor-widget elementor-widget-neuros_heading\" data-id=\"9eb4778\" data-element_type=\"widget\" data-e-type=\"widget\" data-widget_type=\"neuros_heading.default\">\n\t\t\t\t<div class=\"elementor-widget-container\">\n\t\t\t\t\t<div class=\"neuros-heading-widget\"><h2 class=\"neuros-heading\"><span class=\"neuros-heading-content has_gradient_color_text\">Zuverl\u00e4ssige <del>Produkte<br \/>und Dienstleistungen<\/del>,<\/span><\/h2><\/div>\t\t\t\t<\/div>\n\t\t\t\t<\/div>\n\t\t\t\t\t<\/div>\n\t\t<\/div>\n\t\t\t\t\t<\/div>\n\t\t<\/section>\n\t\t\t\t<section class=\"elementor-section elementor-top-section elementor-element elementor-element-57afd36 elementor-section-boxed elementor-section-height-default elementor-section-height-default\" data-id=\"57afd36\" data-element_type=\"section\" data-e-type=\"section\">\n\t\t\t\t\t\t<div class=\"elementor-container elementor-column-gap-default\">\n\t\t\t\t\t<div class=\"elementor-column elementor-col-100 elementor-top-column elementor-element elementor-element-adcfacf\" data-id=\"adcfacf\" data-element_type=\"column\" data-e-type=\"column\">\n\t\t\t<div class=\"elementor-widget-wrap elementor-element-populated\">\n\t\t\t\t\t\t<div class=\"elementor-element elementor-element-81b3a62 elementor-widget elementor-widget-neuros_heading\" data-id=\"81b3a62\" data-element_type=\"widget\" data-e-type=\"widget\" data-widget_type=\"neuros_heading.default\">\n\t\t\t\t<div class=\"elementor-widget-container\">\n\t\t\t\t\t<div class=\"neuros-heading-widget\"><h2 class=\"neuros-heading\"><span class=\"neuros-heading-content has_gradient_color_text\">gest\u00fctzt auf zertifizierte Standards<\/span><\/h2><\/div>\t\t\t\t<\/div>\n\t\t\t\t<\/div>\n\t\t\t\t<section class=\"elementor-section elementor-inner-section elementor-element elementor-element-4814d88 elementor-section-boxed elementor-section-height-default elementor-section-height-default\" data-id=\"4814d88\" data-element_type=\"section\" data-e-type=\"section\">\n\t\t\t\t\t\t<div class=\"elementor-container elementor-column-gap-default\">\n\t\t\t\t\t<div class=\"elementor-column elementor-col-100 elementor-inner-column elementor-element elementor-element-0717c9d\" data-id=\"0717c9d\" data-element_type=\"column\" data-e-type=\"column\">\n\t\t\t<div class=\"elementor-widget-wrap elementor-element-populated\">\n\t\t\t\t\t\t<div class=\"elementor-element elementor-element-fa7e6d6 elementor-widget elementor-widget-text-editor\" data-id=\"fa7e6d6\" data-element_type=\"widget\" data-e-type=\"widget\" data-widget_type=\"text-editor.default\">\n\t\t\t\t<div class=\"elementor-widget-container\">\n\t\t\t\t\t\t\t\t\t<p>Die erhaltenen Auszeichnungen best\u00e4tigen einen Weg, der von Aufmerksamkeit, Kompetenz und Sorgfalt bei den Prozessen gepr\u00e4gt ist. Jede Zertifizierung steht f\u00fcr unser konkretes Engagement, sichere, pr\u00e4zise und vollst\u00e4ndig den Branchenvorschriften entsprechende L\u00f6sungen zu gew\u00e4hrleisten.<\/p>\t\t\t\t\t\t\t\t<\/div>\n\t\t\t\t<\/div>\n\t\t\t\t\t<\/div>\n\t\t<\/div>\n\t\t\t\t\t<\/div>\n\t\t<\/section>\n\t\t\t\t\t<\/div>\n\t\t<\/div>\n\t\t\t\t\t<\/div>\n\t\t<\/section>\n\t\t\t\t<section class=\"elementor-section elementor-top-section elementor-element elementor-element-2d8f7c2 elementor-section-stretched elementor-section-full_width elementor-section-height-default elementor-section-height-default\" data-id=\"2d8f7c2\" data-element_type=\"section\" data-e-type=\"section\" data-settings=\"{&quot;stretch_section&quot;:&quot;section-stretched&quot;}\">\n\t\t\t\t\t\t\t<div class=\"elementor-background-overlay\"><\/div>\n\t\t\t\t\t\t\t<div class=\"elementor-container elementor-column-gap-no\">\n\t\t\t\t\t<div class=\"elementor-column elementor-col-100 elementor-top-column elementor-element elementor-element-c073aa8\" data-id=\"c073aa8\" data-element_type=\"column\" data-e-type=\"column\">\n\t\t\t<div class=\"elementor-widget-wrap elementor-element-populated\">\n\t\t\t\t\t\t<section class=\"elementor-section elementor-inner-section elementor-element elementor-element-94b27cf elementor-section-boxed elementor-section-height-default elementor-section-height-default\" data-id=\"94b27cf\" data-element_type=\"section\" data-e-type=\"section\" data-settings=\"{&quot;background_background&quot;:&quot;classic&quot;}\">\n\t\t\t\t\t\t<div class=\"elementor-container elementor-column-gap-wide\">\n\t\t\t\t\t<div class=\"elementor-column elementor-col-50 elementor-inner-column elementor-element elementor-element-80ff8ba elementor-hidden-tablet_extra elementor-hidden-tablet elementor-hidden-mobile_extra elementor-hidden-mobile\" data-id=\"80ff8ba\" data-element_type=\"column\" data-e-type=\"column\">\n\t\t\t<div class=\"elementor-widget-wrap\">\n\t\t\t\t\t\t\t<\/div>\n\t\t<\/div>\n\t\t\t\t<div class=\"elementor-column elementor-col-50 elementor-inner-column elementor-element elementor-element-018cb02\" data-id=\"018cb02\" data-element_type=\"column\" data-e-type=\"column\">\n\t\t\t<div class=\"elementor-widget-wrap elementor-element-populated\">\n\t\t\t\t\t\t<div class=\"elementor-element elementor-element-9448557 elementor-widget elementor-widget-neuros_awards\" data-id=\"9448557\" data-element_type=\"widget\" data-e-type=\"widget\" data-widget_type=\"neuros_awards.default\">\n\t\t\t\t<div class=\"elementor-widget-container\">\n\t\t\t\t\t\n        <div class=\"neuros-awards-widget\">\n            <div class=\"awards-list\">\n                                    <div class=\"award-item\">\n                        <div class=\"award-year-column\">\n                            <span class=\"award-year\">ISO 9001-Zertifizierung <\/span>                        <\/div>\n                        <div class=\"award-subtitle-column\">\n                                                    <\/div>\n                        <div class=\"award-title-column\">\n                            <h4 class=\"award-title\"><img decoding=\"async\" width=\"200\" height=\"120\" class=\"alignnone size-full wp-image-23426\" src=\"https:\/\/deg.friedbrains.it\/wp-content\/uploads\/2026\/01\/iso-9001.png\" alt=\"\" \/>Die Zertifizierung nach ISO 9001 garantiert das Vorhandensein eines Qualit\u00e4tsmanagementsystems, das die Kontrolle der Prozesse, die Einheitlichkeit der Ergebnisse und eine st\u00e4ndige Verbesserung der internen Abl\u00e4ufe sicherstellt.<\/h4>                        <\/div>\n                    <\/div>\n                                        <div class=\"award-item\">\n                        <div class=\"award-year-column\">\n                            <span class=\"award-year\">FER-Zertifizierung<\/span>                        <\/div>\n                        <div class=\"award-subtitle-column\">\n                                                    <\/div>\n                        <div class=\"award-title-column\">\n                            <h4 class=\"award-title\"><img decoding=\"async\" width=\"200\" height=\"120\" class=\"alignnone size-full wp-image-23427\" src=\"https:\/\/deg.friedbrains.it\/wp-content\/uploads\/2026\/01\/Attestazione-FER.png\" alt=\"\" \/>Bescheinigt die fachliche Bef\u00e4higung zur Installation und Wartung von Anlagen, die mit erneuerbaren Energien betrieben werden, gem\u00e4\u00df <strong>Gesetzesdekret Nr. 28\/2011<\/strong>.<\/h4>                        <\/div>\n                    <\/div>\n                                        <div class=\"award-item\">\n                        <div class=\"award-year-column\">\n                            <span class=\"award-year\">SOA-Bescheinigung<\/span>                        <\/div>\n                        <div class=\"award-subtitle-column\">\n                                                    <\/div>\n                        <div class=\"award-title-column\">\n                            <h4 class=\"award-title\"><img decoding=\"async\" width=\"245\" height=\"38\" class=\"alignnone size-full wp-image-23428\" src=\"https:\/\/deg.friedbrains.it\/wp-content\/uploads\/2026\/01\/Argenta.png\" alt=\"\" \/>Sie bescheinigt die technische und wirtschaftliche Eignung, die f\u00fcr die Teilnahme an der Ausf\u00fchrung \u00f6ffentlicher Bauvorhaben erforderlich ist. Eine Zertifizierung, die Zuverl\u00e4ssigkeit, Kompetenz und Solidit\u00e4t bei der Abwicklung komplexer und regulierter Projekte best\u00e4tigt.<\/h4>                        <\/div>\n                    <\/div>\n                                <\/div>\n        <\/div>\n        \t\t\t\t<\/div>\n\t\t\t\t<\/div>\n\t\t\t\t\t<\/div>\n\t\t<\/div>\n\t\t\t\t\t<\/div>\n\t\t<\/section>\n\t\t\t\t\t<\/div>\n\t\t<\/div>\n\t\t\t\t\t<\/div>\n\t\t<\/section>\n\t\t\t\t<section class=\"elementor-section elementor-top-section elementor-element elementor-element-540f551 elementor-section-full_width elementor-section-stretched elementor-section-height-default elementor-section-height-default\" data-id=\"540f551\" data-element_type=\"section\" data-e-type=\"section\" data-settings=\"{&quot;stretch_section&quot;:&quot;section-stretched&quot;}\">\n\t\t\t\t\t\t<div class=\"elementor-container elementor-column-gap-no\">\n\t\t\t\t\t<div class=\"elementor-column elementor-col-100 elementor-top-column elementor-element elementor-element-3baa0a5\" data-id=\"3baa0a5\" data-element_type=\"column\" data-e-type=\"column\">\n\t\t\t<div class=\"elementor-widget-wrap elementor-element-populated\">\n\t\t\t\t\t\t<section class=\"elementor-section elementor-inner-section elementor-element elementor-element-7745da3 elementor-section-boxed elementor-section-height-default elementor-section-height-default\" data-id=\"7745da3\" data-element_type=\"section\" data-e-type=\"section\" data-settings=\"{&quot;background_background&quot;:&quot;classic&quot;}\">\n\t\t\t\t\t\t<div class=\"elementor-container elementor-column-gap-default\">\n\t\t\t\t\t<div class=\"elementor-column elementor-col-50 elementor-inner-column elementor-element elementor-element-cf726f0\" data-id=\"cf726f0\" data-element_type=\"column\" data-e-type=\"column\">\n\t\t\t<div class=\"elementor-widget-wrap elementor-element-populated\">\n\t\t\t\t\t\t<div class=\"elementor-element elementor-element-ce20c8e elementor-invisible elementor-widget elementor-widget-neuros_heading\" data-id=\"ce20c8e\" data-element_type=\"widget\" data-e-type=\"widget\" data-settings=\"{&quot;_animation&quot;:&quot;neuros_heading_animation&quot;,&quot;_animation_delay&quot;:300}\" data-widget_type=\"neuros_heading.default\">\n\t\t\t\t<div class=\"elementor-widget-container\">\n\t\t\t\t\t<div class=\"neuros-heading-widget\"><h2 class=\"neuros-heading\"><span class=\"neuros-heading-content has_gradient_color_text\">Kontakt<\/span><\/h2><\/div>\t\t\t\t<\/div>\n\t\t\t\t<\/div>\n\t\t\t\t\t<\/div>\n\t\t<\/div>\n\t\t\t\t<div class=\"elementor-column elementor-col-50 elementor-inner-column elementor-element elementor-element-3ab8030\" data-id=\"3ab8030\" data-element_type=\"column\" data-e-type=\"column\">\n\t\t\t<div class=\"elementor-widget-wrap elementor-element-populated\">\n\t\t\t\t\t\t<div class=\"elementor-element elementor-element-0a73b88 neuros-button-type-simple neuros-button-border-style-solid neuros-button-bakground-style-solid elementor-widget elementor-widget-neuros_button\" data-id=\"0a73b88\" data-element_type=\"widget\" data-e-type=\"widget\" data-widget_type=\"neuros_button.default\">\n\t\t\t\t<div class=\"elementor-widget-container\">\n\t\t\t\t\t\n        <div class=\"button-widget\">\n            <div class=\"button-container\">\n                                <a class=\"neuros-button\" href=\"https:\/\/deg.friedbrains.it\/de\/kontakt\/\" href=\"https:\/\/deg.friedbrains.it\/de\/kontakt\/\">MEHR ERFAHREN                        <span class=\"icon-button-arrow left\"><\/span><span class=\"icon-button-arrow right\"><\/span>                    \n                    <span class=\"button-inner\"><\/span>\n                <\/a>\n                            <\/div>\n        <\/div>\n        \t\t\t\t<\/div>\n\t\t\t\t<\/div>\n\t\t\t\t\t<\/div>\n\t\t<\/div>\n\t\t\t\t\t<\/div>\n\t\t<\/section>\n\t\t\t\t\t<\/div>\n\t\t<\/div>\n\t\t\t\t\t<\/div>\n\t\t<\/section>\n\t\t\t\t<\/div>\n\t\t","protected":false},"excerpt":{"rendered":"<p>Die erhaltenen Auszeichnungen best\u00e4tigen einen Weg, der von Aufmerksamkeit, Kompetenz und Sorgfalt bei den Prozessen gepr\u00e4gt ist. Jede Zertifizierung steht f\u00fcr unser konkretes Engagement, sichere, pr\u00e4zise und vollst\u00e4ndig den Branchenvorschriften entsprechende L\u00f6sungen zu gew\u00e4hrleisten.<\/p>\n","protected":false},"author":2,"featured_media":24250,"parent":0,"menu_order":0,"comment_status":"closed","ping_status":"closed","template":"","meta":{"_acf_changed":false,"inline_featured_image":false,"footnotes":""},"class_list":["post-24248","page","type-page","status-publish","has-post-thumbnail","hentry"],"acf":[],"yoast_head":"<!-- This site is optimized with the Yoast SEO plugin v27.2 - https:\/\/yoast.com\/product\/yoast-seo-wordpress\/ -->\n<title>Zertifizierungen - DeG Group<\/title>\n<meta name=\"robots\" content=\"noindex, follow, max-snippet:-1, max-image-preview:large, max-video-preview:-1\" \/>\n<meta property=\"og:locale\" content=\"de_DE\" \/>\n<meta property=\"og:type\" content=\"article\" \/>\n<meta property=\"og:title\" content=\"Zertifizierungen - DeG Group\" \/>\n<meta property=\"og:description\" content=\"Die erhaltenen Auszeichnungen best\u00e4tigen einen Weg, der von Aufmerksamkeit, Kompetenz und Sorgfalt bei den Prozessen gepr\u00e4gt ist. Jede Zertifizierung steht f\u00fcr unser konkretes Engagement, sichere, pr\u00e4zise und vollst\u00e4ndig den Branchenvorschriften entsprechende L\u00f6sungen zu gew\u00e4hrleisten.\" \/>\n<meta property=\"og:url\" content=\"https:\/\/deg.friedbrains.it\/de\/zertifizierungen\/\" \/>\n<meta property=\"og:site_name\" content=\"DeG Group\" \/>\n<meta property=\"article:modified_time\" content=\"2026-03-26T09:30:18+00:00\" \/>\n<meta property=\"og:image\" content=\"https:\/\/deg.friedbrains.it\/wp-content\/uploads\/2026\/01\/certificati-1.jpg\" \/>\n\t<meta property=\"og:image:width\" content=\"1800\" \/>\n\t<meta property=\"og:image:height\" content=\"916\" \/>\n\t<meta property=\"og:image:type\" content=\"image\/jpeg\" \/>\n<meta name=\"twitter:card\" content=\"summary_large_image\" \/>\n<meta name=\"twitter:label1\" content=\"Gesch\u00e4tzte Lesezeit\" \/>\n\t<meta name=\"twitter:data1\" content=\"2\u00a0Minuten\" \/>\n<script type=\"application\/ld+json\" class=\"yoast-schema-graph\">{\"@context\":\"https:\/\/schema.org\",\"@graph\":[{\"@type\":\"WebPage\",\"@id\":\"https:\/\/deg.friedbrains.it\/de\/zertifizierungen\/\",\"url\":\"https:\/\/deg.friedbrains.it\/de\/zertifizierungen\/\",\"name\":\"Zertifizierungen - DeG Group\",\"isPartOf\":{\"@id\":\"https:\/\/deg.friedbrains.it\/de\/#website\"},\"primaryImageOfPage\":{\"@id\":\"https:\/\/deg.friedbrains.it\/de\/zertifizierungen\/#primaryimage\"},\"image\":{\"@id\":\"https:\/\/deg.friedbrains.it\/de\/zertifizierungen\/#primaryimage\"},\"thumbnailUrl\":\"https:\/\/deg.friedbrains.it\/wp-content\/uploads\/2026\/01\/certificati-1.jpg\",\"datePublished\":\"2026-01-15T11:46:51+00:00\",\"dateModified\":\"2026-03-26T09:30:18+00:00\",\"breadcrumb\":{\"@id\":\"https:\/\/deg.friedbrains.it\/de\/zertifizierungen\/#breadcrumb\"},\"inLanguage\":\"de\",\"potentialAction\":[{\"@type\":\"ReadAction\",\"target\":[\"https:\/\/deg.friedbrains.it\/de\/zertifizierungen\/\"]}]},{\"@type\":\"ImageObject\",\"inLanguage\":\"de\",\"@id\":\"https:\/\/deg.friedbrains.it\/de\/zertifizierungen\/#primaryimage\",\"url\":\"https:\/\/deg.friedbrains.it\/wp-content\/uploads\/2026\/01\/certificati-1.jpg\",\"contentUrl\":\"https:\/\/deg.friedbrains.it\/wp-content\/uploads\/2026\/01\/certificati-1.jpg\",\"width\":1800,\"height\":916},{\"@type\":\"BreadcrumbList\",\"@id\":\"https:\/\/deg.friedbrains.it\/de\/zertifizierungen\/#breadcrumb\",\"itemListElement\":[{\"@type\":\"ListItem\",\"position\":1,\"name\":\"Home\",\"item\":\"https:\/\/deg.friedbrains.it\/de\/\"},{\"@type\":\"ListItem\",\"position\":2,\"name\":\"Zertifizierungen\"}]},{\"@type\":\"WebSite\",\"@id\":\"https:\/\/deg.friedbrains.it\/de\/#website\",\"url\":\"https:\/\/deg.friedbrains.it\/de\/\",\"name\":\"DeG GROUP S.r.l.\",\"description\":\"\",\"publisher\":{\"@id\":\"https:\/\/deg.friedbrains.it\/de\/#organization\"},\"potentialAction\":[{\"@type\":\"SearchAction\",\"target\":{\"@type\":\"EntryPoint\",\"urlTemplate\":\"https:\/\/deg.friedbrains.it\/de\/?s={search_term_string}\"},\"query-input\":{\"@type\":\"PropertyValueSpecification\",\"valueRequired\":true,\"valueName\":\"search_term_string\"}}],\"inLanguage\":\"de\"},{\"@type\":\"Organization\",\"@id\":\"https:\/\/deg.friedbrains.it\/de\/#organization\",\"name\":\"DeG GROUP S.r.l.\",\"url\":\"https:\/\/deg.friedbrains.it\/de\/\",\"logo\":{\"@type\":\"ImageObject\",\"inLanguage\":\"de\",\"@id\":\"https:\/\/deg.friedbrains.it\/de\/#\/schema\/logo\/image\/\",\"url\":\"https:\/\/deg.friedbrains.it\/wp-content\/uploads\/2025\/06\/deg-logo.svg\",\"contentUrl\":\"https:\/\/deg.friedbrains.it\/wp-content\/uploads\/2025\/06\/deg-logo.svg\",\"width\":1885,\"height\":712,\"caption\":\"DeG GROUP S.r.l.\"},\"image\":{\"@id\":\"https:\/\/deg.friedbrains.it\/de\/#\/schema\/logo\/image\/\"}}]}<\/script>\n<!-- \/ Yoast SEO plugin. -->","yoast_head_json":{"title":"Zertifizierungen - DeG Group","robots":{"index":"noindex","follow":"follow","max-snippet":"max-snippet:-1","max-image-preview":"max-image-preview:large","max-video-preview":"max-video-preview:-1"},"og_locale":"de_DE","og_type":"article","og_title":"Zertifizierungen - DeG Group","og_description":"Die erhaltenen Auszeichnungen best\u00e4tigen einen Weg, der von Aufmerksamkeit, Kompetenz und Sorgfalt bei den Prozessen gepr\u00e4gt ist. Jede Zertifizierung steht f\u00fcr unser konkretes Engagement, sichere, pr\u00e4zise und vollst\u00e4ndig den Branchenvorschriften entsprechende L\u00f6sungen zu gew\u00e4hrleisten.","og_url":"https:\/\/deg.friedbrains.it\/de\/zertifizierungen\/","og_site_name":"DeG Group","article_modified_time":"2026-03-26T09:30:18+00:00","og_image":[{"width":1800,"height":916,"url":"https:\/\/deg.friedbrains.it\/wp-content\/uploads\/2026\/01\/certificati-1.jpg","type":"image\/jpeg"}],"twitter_card":"summary_large_image","twitter_misc":{"Gesch\u00e4tzte Lesezeit":"2\u00a0Minuten"},"schema":{"@context":"https:\/\/schema.org","@graph":[{"@type":"WebPage","@id":"https:\/\/deg.friedbrains.it\/de\/zertifizierungen\/","url":"https:\/\/deg.friedbrains.it\/de\/zertifizierungen\/","name":"Zertifizierungen - DeG Group","isPartOf":{"@id":"https:\/\/deg.friedbrains.it\/de\/#website"},"primaryImageOfPage":{"@id":"https:\/\/deg.friedbrains.it\/de\/zertifizierungen\/#primaryimage"},"image":{"@id":"https:\/\/deg.friedbrains.it\/de\/zertifizierungen\/#primaryimage"},"thumbnailUrl":"https:\/\/deg.friedbrains.it\/wp-content\/uploads\/2026\/01\/certificati-1.jpg","datePublished":"2026-01-15T11:46:51+00:00","dateModified":"2026-03-26T09:30:18+00:00","breadcrumb":{"@id":"https:\/\/deg.friedbrains.it\/de\/zertifizierungen\/#breadcrumb"},"inLanguage":"de","potentialAction":[{"@type":"ReadAction","target":["https:\/\/deg.friedbrains.it\/de\/zertifizierungen\/"]}]},{"@type":"ImageObject","inLanguage":"de","@id":"https:\/\/deg.friedbrains.it\/de\/zertifizierungen\/#primaryimage","url":"https:\/\/deg.friedbrains.it\/wp-content\/uploads\/2026\/01\/certificati-1.jpg","contentUrl":"https:\/\/deg.friedbrains.it\/wp-content\/uploads\/2026\/01\/certificati-1.jpg","width":1800,"height":916},{"@type":"BreadcrumbList","@id":"https:\/\/deg.friedbrains.it\/de\/zertifizierungen\/#breadcrumb","itemListElement":[{"@type":"ListItem","position":1,"name":"Home","item":"https:\/\/deg.friedbrains.it\/de\/"},{"@type":"ListItem","position":2,"name":"Zertifizierungen"}]},{"@type":"WebSite","@id":"https:\/\/deg.friedbrains.it\/de\/#website","url":"https:\/\/deg.friedbrains.it\/de\/","name":"DeG GROUP S.r.l.","description":"","publisher":{"@id":"https:\/\/deg.friedbrains.it\/de\/#organization"},"potentialAction":[{"@type":"SearchAction","target":{"@type":"EntryPoint","urlTemplate":"https:\/\/deg.friedbrains.it\/de\/?s={search_term_string}"},"query-input":{"@type":"PropertyValueSpecification","valueRequired":true,"valueName":"search_term_string"}}],"inLanguage":"de"},{"@type":"Organization","@id":"https:\/\/deg.friedbrains.it\/de\/#organization","name":"DeG GROUP S.r.l.","url":"https:\/\/deg.friedbrains.it\/de\/","logo":{"@type":"ImageObject","inLanguage":"de","@id":"https:\/\/deg.friedbrains.it\/de\/#\/schema\/logo\/image\/","url":"https:\/\/deg.friedbrains.it\/wp-content\/uploads\/2025\/06\/deg-logo.svg","contentUrl":"https:\/\/deg.friedbrains.it\/wp-content\/uploads\/2025\/06\/deg-logo.svg","width":1885,"height":712,"caption":"DeG GROUP S.r.l."},"image":{"@id":"https:\/\/deg.friedbrains.it\/de\/#\/schema\/logo\/image\/"}}]}},"_links":{"self":[{"href":"https:\/\/deg.friedbrains.it\/de\/wp-json\/wp\/v2\/pages\/24248","targetHints":{"allow":["GET"]}}],"collection":[{"href":"https:\/\/deg.friedbrains.it\/de\/wp-json\/wp\/v2\/pages"}],"about":[{"href":"https:\/\/deg.friedbrains.it\/de\/wp-json\/wp\/v2\/types\/page"}],"author":[{"embeddable":true,"href":"https:\/\/deg.friedbrains.it\/de\/wp-json\/wp\/v2\/users\/2"}],"replies":[{"embeddable":true,"href":"https:\/\/deg.friedbrains.it\/de\/wp-json\/wp\/v2\/comments?post=24248"}],"version-history":[{"count":11,"href":"https:\/\/deg.friedbrains.it\/de\/wp-json\/wp\/v2\/pages\/24248\/revisions"}],"predecessor-version":[{"id":25905,"href":"https:\/\/deg.friedbrains.it\/de\/wp-json\/wp\/v2\/pages\/24248\/revisions\/25905"}],"wp:featuredmedia":[{"embeddable":true,"href":"https:\/\/deg.friedbrains.it\/de\/wp-json\/wp\/v2\/media\/24250"}],"wp:attachment":[{"href":"https:\/\/deg.friedbrains.it\/de\/wp-json\/wp\/v2\/media?parent=24248"}],"curies":[{"name":"wp","href":"https:\/\/api.w.org\/{rel}","templated":true}]}}